{"id":1065,"date":"2021-06-09T09:58:37","date_gmt":"2021-06-09T08:58:37","guid":{"rendered":"https:\/\/www.pcprogetti.it\/product\/modello-ska-100\/"},"modified":"2021-09-28T14:09:47","modified_gmt":"2021-09-28T12:09:47","slug":"modello-ska-100","status":"publish","type":"product","link":"https:\/\/www.pcprogetti.it\/it\/prodotto\/modello-ska-100\/","title":{"rendered":"SKA-100"},"content":{"rendered":"<p>Skid di pressurizzazione idraulico\/pneumatico. Controllato da PLC elettronico configurato da monitor LCD touch screen. Il PLC pu\u00f2 memorizzare i dati dei test, i set-point, i tempi e i limiti di perdita. Il set point della pressione viene raggiunto automaticamente. La perdita potrebbe essere misurata (opzione) dal contatore elettronico di bolle o dalla colonna d&#8217;acqua (altezza misurata dal trasmettitore di pressione). La pompa del vuoto pu\u00f2 essere installata (opzione) per assicurare l&#8217;assenza di aria all&#8217;interno del corpo della valvola prima di riempirla con acqua, al fine di ridurre il tempo di prova e aumentare la sicurezza dell&#8217;operatore. Tutti i componenti del processo a contatto con l&#8217;acqua sono in acciaio inossidabile e dimensionati per una pressione di lavoro di 700bar (fino a 1600bar come opzione). Ha un&#8217;alta capacit\u00e0 di flusso di riempimento e il recupero del fluido di prova \u00e8 automatico. Le valvole a spillo metallo-metallo assicurano un&#8217;alta affidabilit\u00e0. Una stampante termica 24cln (opzione) pu\u00f2 essere installata per stampare un semplice rapporto di prova senza necessit\u00e0 di collegamento ad un PC Windows con software di certificazione TestREC2.0. Il software e l&#8217;opzione di processo di cui dispone lo rendono conforme alle norme di prova pi\u00f9 diffuse.<\/p>\n<p><span style=\"font-size:18px\">*Viene descritta la versione standard. I banchi prova possono essere personalizzati in qualsiasi aspetto tecnico secondo le preferenze del cliente.(In attesa di brevetto)<\/span><\/p>\n","protected":false},"excerpt":{"rendered":"<p>Skid di pressurizzazione idraulico\/pneumatico. Controllato da PLC elettronico configurato da monitor LCD touch screen. Il PLC pu\u00f2 memorizzare i dati dei test, i set-point, i tempi e i limiti di perdita.<\/p>\n","protected":false},"featured_media":5558,"comment_status":"open","ping_status":"closed","template":"","meta":{"_et_pb_use_builder":"","_et_pb_old_content":"","_et_gb_content_width":""},"product_cat":[335],"product_tag":[],"class_list":["post-1065","product","type-product","status-publish","has-post-thumbnail","hentry","product_cat-automatici"],"yoast_head":"<!-- This site is optimized with the Yoast SEO plugin v25.2 - https:\/\/yoast.com\/wordpress\/plugins\/seo\/ -->\n<title>SKA-100 - Think&#039; PC PROGETTI<\/title>\n<meta name=\"description\" content=\"Skid di pressurizzazione idraulico\/pneumatico. Controllato da PLC elettronico configurato da monitor LCD touch screen. Il PLC pu\u00f2 memorizzare i dati dei test, i set-point, i tempi e i limiti di perdita.\" \/>\n<meta name=\"robots\" content=\"index, follow, max-snippet:-1, max-image-preview:large, max-video-preview:-1\" \/>\n<link rel=\"canonical\" href=\"https:\/\/www.pcprogetti.it\/it\/prodotto\/modello-ska-100\/\" \/>\n<meta property=\"og:locale\" content=\"it_IT\" \/>\n<meta property=\"og:type\" content=\"article\" \/>\n<meta property=\"og:title\" content=\"SKA-100 - Think&#039; PC PROGETTI\" \/>\n<meta property=\"og:description\" content=\"Skid di pressurizzazione idraulico\/pneumatico. Controllato da PLC elettronico configurato da monitor LCD touch screen. Il PLC pu\u00f2 memorizzare i dati dei test, i set-point, i tempi e i limiti di perdita.\" \/>\n<meta property=\"og:url\" content=\"https:\/\/www.pcprogetti.it\/it\/prodotto\/modello-ska-100\/\" \/>\n<meta property=\"og:site_name\" content=\"Think&#039; PC PROGETTI\" \/>\n<meta property=\"article:modified_time\" content=\"2021-09-28T12:09:47+00:00\" \/>\n<meta property=\"og:image\" content=\"https:\/\/www.pcprogetti.it\/wp-content\/uploads\/2021-09-28_14h20_56.png\" \/>\n\t<meta property=\"og:image:width\" content=\"563\" \/>\n\t<meta property=\"og:image:height\" content=\"645\" \/>\n\t<meta property=\"og:image:type\" content=\"image\/png\" \/>\n<meta name=\"twitter:card\" content=\"summary_large_image\" \/>\n<meta name=\"twitter:label1\" content=\"Tempo di lettura stimato\" \/>\n\t<meta name=\"twitter:data1\" content=\"1 minuto\" \/>\n<script type=\"application\/ld+json\" class=\"yoast-schema-graph\">{\"@context\":\"https:\/\/schema.org\",\"@graph\":[{\"@type\":[\"WebPage\",\"ItemPage\"],\"@id\":\"https:\/\/www.pcprogetti.it\/it\/prodotto\/modello-ska-100\/\",\"url\":\"https:\/\/www.pcprogetti.it\/it\/prodotto\/modello-ska-100\/\",\"name\":\"SKA-100 - Think&#039; PC PROGETTI\",\"isPartOf\":{\"@id\":\"https:\/\/www.pcprogetti.it\/it\/#website\"},\"primaryImageOfPage\":{\"@id\":\"https:\/\/www.pcprogetti.it\/it\/prodotto\/modello-ska-100\/#primaryimage\"},\"image\":{\"@id\":\"https:\/\/www.pcprogetti.it\/it\/prodotto\/modello-ska-100\/#primaryimage\"},\"thumbnailUrl\":\"https:\/\/www.pcprogetti.it\/wp-content\/uploads\/2021-09-28_14h20_56.png\",\"datePublished\":\"2021-06-09T08:58:37+00:00\",\"dateModified\":\"2021-09-28T12:09:47+00:00\",\"description\":\"Skid di pressurizzazione idraulico\/pneumatico. Controllato da PLC elettronico configurato da monitor LCD touch screen. Il PLC pu\u00f2 memorizzare i dati dei test, i set-point, i tempi e i limiti di perdita.\",\"breadcrumb\":{\"@id\":\"https:\/\/www.pcprogetti.it\/it\/prodotto\/modello-ska-100\/#breadcrumb\"},\"inLanguage\":\"it-IT\",\"potentialAction\":[{\"@type\":\"ReadAction\",\"target\":[\"https:\/\/www.pcprogetti.it\/it\/prodotto\/modello-ska-100\/\"]}]},{\"@type\":\"ImageObject\",\"inLanguage\":\"it-IT\",\"@id\":\"https:\/\/www.pcprogetti.it\/it\/prodotto\/modello-ska-100\/#primaryimage\",\"url\":\"https:\/\/www.pcprogetti.it\/wp-content\/uploads\/2021-09-28_14h20_56.png\",\"contentUrl\":\"https:\/\/www.pcprogetti.it\/wp-content\/uploads\/2021-09-28_14h20_56.png\",\"width\":563,\"height\":645},{\"@type\":\"BreadcrumbList\",\"@id\":\"https:\/\/www.pcprogetti.it\/it\/prodotto\/modello-ska-100\/#breadcrumb\",\"itemListElement\":[{\"@type\":\"ListItem\",\"position\":1,\"name\":\"Home\",\"item\":\"https:\/\/www.pcprogetti.it\/it\/\"},{\"@type\":\"ListItem\",\"position\":2,\"name\":\"Shop\",\"item\":\"https:\/\/www.pcprogetti.it\/?page_id=4313\"},{\"@type\":\"ListItem\",\"position\":3,\"name\":\"SKA-100\"}]},{\"@type\":\"WebSite\",\"@id\":\"https:\/\/www.pcprogetti.it\/it\/#website\",\"url\":\"https:\/\/www.pcprogetti.it\/it\/\",\"name\":\"Think&#039; PC PROGETTI\",\"description\":\"Banchi di prova per valvole e attuatori\",\"publisher\":{\"@id\":\"https:\/\/www.pcprogetti.it\/it\/#organization\"},\"potentialAction\":[{\"@type\":\"SearchAction\",\"target\":{\"@type\":\"EntryPoint\",\"urlTemplate\":\"https:\/\/www.pcprogetti.it\/it\/?s={search_term_string}\"},\"query-input\":{\"@type\":\"PropertyValueSpecification\",\"valueRequired\":true,\"valueName\":\"search_term_string\"}}],\"inLanguage\":\"it-IT\"},{\"@type\":\"Organization\",\"@id\":\"https:\/\/www.pcprogetti.it\/it\/#organization\",\"name\":\"think' PC PROGETTI S.r.l. a socio unico\",\"url\":\"https:\/\/www.pcprogetti.it\/it\/\",\"logo\":{\"@type\":\"ImageObject\",\"inLanguage\":\"it-IT\",\"@id\":\"https:\/\/www.pcprogetti.it\/it\/#\/schema\/logo\/image\/\",\"url\":\"https:\/\/www.pcprogetti.it\/wp-content\/uploads\/think-pc-progetti_logo.png\",\"contentUrl\":\"https:\/\/www.pcprogetti.it\/wp-content\/uploads\/think-pc-progetti_logo.png\",\"width\":1718,\"height\":132,\"caption\":\"think' PC PROGETTI S.r.l. a socio unico\"},\"image\":{\"@id\":\"https:\/\/www.pcprogetti.it\/it\/#\/schema\/logo\/image\/\"}}]}<\/script>\n<!-- \/ Yoast SEO plugin. -->","yoast_head_json":{"title":"SKA-100 - Think&#039; PC PROGETTI","description":"Skid di pressurizzazione idraulico\/pneumatico. Controllato da PLC elettronico configurato da monitor LCD touch screen. Il PLC pu\u00f2 memorizzare i dati dei test, i set-point, i tempi e i limiti di perdita.","robots":{"index":"index","follow":"follow","max-snippet":"max-snippet:-1","max-image-preview":"max-image-preview:large","max-video-preview":"max-video-preview:-1"},"canonical":"https:\/\/www.pcprogetti.it\/it\/prodotto\/modello-ska-100\/","og_locale":"it_IT","og_type":"article","og_title":"SKA-100 - Think&#039; PC PROGETTI","og_description":"Skid di pressurizzazione idraulico\/pneumatico. Controllato da PLC elettronico configurato da monitor LCD touch screen. Il PLC pu\u00f2 memorizzare i dati dei test, i set-point, i tempi e i limiti di perdita.","og_url":"https:\/\/www.pcprogetti.it\/it\/prodotto\/modello-ska-100\/","og_site_name":"Think&#039; PC PROGETTI","article_modified_time":"2021-09-28T12:09:47+00:00","og_image":[{"width":563,"height":645,"url":"https:\/\/www.pcprogetti.it\/wp-content\/uploads\/2021-09-28_14h20_56.png","type":"image\/png"}],"twitter_card":"summary_large_image","twitter_misc":{"Tempo di lettura stimato":"1 minuto"},"schema":{"@context":"https:\/\/schema.org","@graph":[{"@type":["WebPage","ItemPage"],"@id":"https:\/\/www.pcprogetti.it\/it\/prodotto\/modello-ska-100\/","url":"https:\/\/www.pcprogetti.it\/it\/prodotto\/modello-ska-100\/","name":"SKA-100 - Think&#039; PC PROGETTI","isPartOf":{"@id":"https:\/\/www.pcprogetti.it\/it\/#website"},"primaryImageOfPage":{"@id":"https:\/\/www.pcprogetti.it\/it\/prodotto\/modello-ska-100\/#primaryimage"},"image":{"@id":"https:\/\/www.pcprogetti.it\/it\/prodotto\/modello-ska-100\/#primaryimage"},"thumbnailUrl":"https:\/\/www.pcprogetti.it\/wp-content\/uploads\/2021-09-28_14h20_56.png","datePublished":"2021-06-09T08:58:37+00:00","dateModified":"2021-09-28T12:09:47+00:00","description":"Skid di pressurizzazione idraulico\/pneumatico. Controllato da PLC elettronico configurato da monitor LCD touch screen. Il PLC pu\u00f2 memorizzare i dati dei test, i set-point, i tempi e i limiti di perdita.","breadcrumb":{"@id":"https:\/\/www.pcprogetti.it\/it\/prodotto\/modello-ska-100\/#breadcrumb"},"inLanguage":"it-IT","potentialAction":[{"@type":"ReadAction","target":["https:\/\/www.pcprogetti.it\/it\/prodotto\/modello-ska-100\/"]}]},{"@type":"ImageObject","inLanguage":"it-IT","@id":"https:\/\/www.pcprogetti.it\/it\/prodotto\/modello-ska-100\/#primaryimage","url":"https:\/\/www.pcprogetti.it\/wp-content\/uploads\/2021-09-28_14h20_56.png","contentUrl":"https:\/\/www.pcprogetti.it\/wp-content\/uploads\/2021-09-28_14h20_56.png","width":563,"height":645},{"@type":"BreadcrumbList","@id":"https:\/\/www.pcprogetti.it\/it\/prodotto\/modello-ska-100\/#breadcrumb","itemListElement":[{"@type":"ListItem","position":1,"name":"Home","item":"https:\/\/www.pcprogetti.it\/it\/"},{"@type":"ListItem","position":2,"name":"Shop","item":"https:\/\/www.pcprogetti.it\/?page_id=4313"},{"@type":"ListItem","position":3,"name":"SKA-100"}]},{"@type":"WebSite","@id":"https:\/\/www.pcprogetti.it\/it\/#website","url":"https:\/\/www.pcprogetti.it\/it\/","name":"Think&#039; PC PROGETTI","description":"Banchi di prova per valvole e attuatori","publisher":{"@id":"https:\/\/www.pcprogetti.it\/it\/#organization"},"potentialAction":[{"@type":"SearchAction","target":{"@type":"EntryPoint","urlTemplate":"https:\/\/www.pcprogetti.it\/it\/?s={search_term_string}"},"query-input":{"@type":"PropertyValueSpecification","valueRequired":true,"valueName":"search_term_string"}}],"inLanguage":"it-IT"},{"@type":"Organization","@id":"https:\/\/www.pcprogetti.it\/it\/#organization","name":"think' PC PROGETTI S.r.l. a socio unico","url":"https:\/\/www.pcprogetti.it\/it\/","logo":{"@type":"ImageObject","inLanguage":"it-IT","@id":"https:\/\/www.pcprogetti.it\/it\/#\/schema\/logo\/image\/","url":"https:\/\/www.pcprogetti.it\/wp-content\/uploads\/think-pc-progetti_logo.png","contentUrl":"https:\/\/www.pcprogetti.it\/wp-content\/uploads\/think-pc-progetti_logo.png","width":1718,"height":132,"caption":"think' PC PROGETTI S.r.l. a socio unico"},"image":{"@id":"https:\/\/www.pcprogetti.it\/it\/#\/schema\/logo\/image\/"}}]}},"_links":{"self":[{"href":"https:\/\/www.pcprogetti.it\/it\/wp-json\/wp\/v3\/product\/1065","targetHints":{"allow":["GET"]}}],"collection":[{"href":"https:\/\/www.pcprogetti.it\/it\/wp-json\/wp\/v3\/product"}],"about":[{"href":"https:\/\/www.pcprogetti.it\/it\/wp-json\/wp\/v2\/types\/product"}],"replies":[{"embeddable":true,"href":"https:\/\/www.pcprogetti.it\/it\/wp-json\/wp\/v2\/comments?post=1065"}],"wp:featuredmedia":[{"embeddable":true,"href":"https:\/\/www.pcprogetti.it\/it\/wp-json\/wp\/v2\/media\/5558"}],"wp:attachment":[{"href":"https:\/\/www.pcprogetti.it\/it\/wp-json\/wp\/v2\/media?parent=1065"}],"wp:term":[{"taxonomy":"product_cat","embeddable":true,"href":"https:\/\/www.pcprogetti.it\/it\/wp-json\/wp\/v2\/product_cat?post=1065"},{"taxonomy":"product_tag","embeddable":true,"href":"https:\/\/www.pcprogetti.it\/it\/wp-json\/wp\/v2\/product_tag?post=1065"}],"curies":[{"name":"wp","href":"https:\/\/api.w.org\/{rel}","templated":true}]}}