{"id":1087,"date":"2021-06-09T10:59:20","date_gmt":"2021-06-09T09:59:20","guid":{"rendered":"https:\/\/www.pcprogetti.it\/product\/modello-skm-250\/"},"modified":"2021-09-29T14:45:37","modified_gmt":"2021-09-29T12:45:37","slug":"modello-skm-250","status":"publish","type":"product","link":"https:\/\/www.pcprogetti.it\/it\/prodotto\/modello-skm-250\/","title":{"rendered":"SKM-250"},"content":{"rendered":"<p>Skid di pressurizzazione idraulico\/pneumatico. Controllo semi-automatico con comando su console. Ogni elemento del processo (valvole e pompa) \u00e8 controllato dall&#8217;operatore tramite pulsanti luminosi. La perdita pu\u00f2 essere misurata (opzione) da un contatore elettronico di bolle o da una colonna d&#8217;acqua di precisione per perdite di H2O (altezza misurata da un trasmettitore di pressione). La pompa del vuoto pu\u00f2 essere installata (opzione) per assicurare l&#8217;assenza di aria all&#8217;interno del corpo della valvola prima del riempimento con acqua, al fine di ridurre il tempo di prova ed aumentare la sicurezza dell&#8217;operatore. Tutti i componenti del processo a contatto con l&#8217;acqua sono in acciaio inossidabile e dimensionati per una pressione di lavoro di 700bar. Lo skid ha un&#8217;alta capacit\u00e0 di flusso di riempimento e il recupero del fluido di prova \u00e8 automatico. Le valvole a spillo metallo-metallo assicurano un&#8217;alta affidabilit\u00e0. (fino a 6897bar come opzione). La natura &#8220;manuale&#8221; di questo skid, permette all&#8217;operatore di eseguire test sulla valvola (o sequenze di test) non contemplati nel test standard.<\/p>\n<p><span style=\"font-size:18px\">*Viene descritta la versione standard. I banchi prova possono essere personalizzati in qualsiasi aspetto tecnico secondo le preferenze del cliente.(In attesa di brevetto)<\/span><\/p>\n","protected":false},"excerpt":{"rendered":"<p>Skid di pressurizzazione idraulico\/pneumatico. Controllo semi-automatico con comando su console. Ogni elemento del processo (valvole e pompa) \u00e8 controllato dall&#8217;operatore tramite pulsanti luminosi.<\/p>\n","protected":false},"featured_media":1076,"comment_status":"open","ping_status":"closed","template":"","meta":{"_et_pb_use_builder":"","_et_pb_old_content":"","_et_gb_content_width":""},"product_cat":[65],"product_tag":[],"class_list":["post-1087","product","type-product","status-publish","has-post-thumbnail","hentry","product_cat-semi-automatici"],"yoast_head":"<!-- This site is optimized with the Yoast SEO plugin v25.2 - https:\/\/yoast.com\/wordpress\/plugins\/seo\/ -->\n<title>SKM-250 - Think&#039; PC PROGETTI<\/title>\n<meta name=\"description\" content=\"Skid di pressurizzazione idraulico\/pneumatico. Controllo semi-automatico con comando su console. Ogni elemento del processo (valvole e pompa) \u00e8 controllato dall&#039;operatore tramite pulsanti luminosi.\" \/>\n<meta name=\"robots\" content=\"index, follow, max-snippet:-1, max-image-preview:large, max-video-preview:-1\" \/>\n<link rel=\"canonical\" href=\"https:\/\/www.pcprogetti.it\/it\/prodotto\/modello-skm-250\/\" \/>\n<meta property=\"og:locale\" content=\"it_IT\" \/>\n<meta property=\"og:type\" content=\"article\" \/>\n<meta property=\"og:title\" content=\"SKM-250 - Think&#039; PC PROGETTI\" \/>\n<meta property=\"og:description\" content=\"Skid di pressurizzazione idraulico\/pneumatico. Controllo semi-automatico con comando su console. Ogni elemento del processo (valvole e pompa) \u00e8 controllato dall&#039;operatore tramite pulsanti luminosi.\" \/>\n<meta property=\"og:url\" content=\"https:\/\/www.pcprogetti.it\/it\/prodotto\/modello-skm-250\/\" \/>\n<meta property=\"og:site_name\" content=\"Think&#039; PC PROGETTI\" \/>\n<meta property=\"article:modified_time\" content=\"2021-09-29T12:45:37+00:00\" \/>\n<meta property=\"og:image\" content=\"https:\/\/www.pcprogetti.it\/wp-content\/uploads\/MODEL-SKM-250-1.jpg\" \/>\n\t<meta property=\"og:image:width\" content=\"690\" \/>\n\t<meta property=\"og:image:height\" content=\"1093\" \/>\n\t<meta property=\"og:image:type\" content=\"image\/jpeg\" \/>\n<meta name=\"twitter:card\" content=\"summary_large_image\" \/>\n<meta name=\"twitter:label1\" content=\"Tempo di lettura stimato\" \/>\n\t<meta name=\"twitter:data1\" content=\"1 minuto\" \/>\n<script type=\"application\/ld+json\" class=\"yoast-schema-graph\">{\"@context\":\"https:\/\/schema.org\",\"@graph\":[{\"@type\":[\"WebPage\",\"ItemPage\"],\"@id\":\"https:\/\/www.pcprogetti.it\/it\/prodotto\/modello-skm-250\/\",\"url\":\"https:\/\/www.pcprogetti.it\/it\/prodotto\/modello-skm-250\/\",\"name\":\"SKM-250 - Think&#039; PC PROGETTI\",\"isPartOf\":{\"@id\":\"https:\/\/www.pcprogetti.it\/it\/#website\"},\"primaryImageOfPage\":{\"@id\":\"https:\/\/www.pcprogetti.it\/it\/prodotto\/modello-skm-250\/#primaryimage\"},\"image\":{\"@id\":\"https:\/\/www.pcprogetti.it\/it\/prodotto\/modello-skm-250\/#primaryimage\"},\"thumbnailUrl\":\"https:\/\/www.pcprogetti.it\/wp-content\/uploads\/MODEL-SKM-250-1.jpg\",\"datePublished\":\"2021-06-09T09:59:20+00:00\",\"dateModified\":\"2021-09-29T12:45:37+00:00\",\"description\":\"Skid di pressurizzazione idraulico\/pneumatico. Controllo semi-automatico con comando su console. Ogni elemento del processo (valvole e pompa) \u00e8 controllato dall'operatore tramite pulsanti luminosi.\",\"breadcrumb\":{\"@id\":\"https:\/\/www.pcprogetti.it\/it\/prodotto\/modello-skm-250\/#breadcrumb\"},\"inLanguage\":\"it-IT\",\"potentialAction\":[{\"@type\":\"ReadAction\",\"target\":[\"https:\/\/www.pcprogetti.it\/it\/prodotto\/modello-skm-250\/\"]}]},{\"@type\":\"ImageObject\",\"inLanguage\":\"it-IT\",\"@id\":\"https:\/\/www.pcprogetti.it\/it\/prodotto\/modello-skm-250\/#primaryimage\",\"url\":\"https:\/\/www.pcprogetti.it\/wp-content\/uploads\/MODEL-SKM-250-1.jpg\",\"contentUrl\":\"https:\/\/www.pcprogetti.it\/wp-content\/uploads\/MODEL-SKM-250-1.jpg\",\"width\":690,\"height\":1093},{\"@type\":\"BreadcrumbList\",\"@id\":\"https:\/\/www.pcprogetti.it\/it\/prodotto\/modello-skm-250\/#breadcrumb\",\"itemListElement\":[{\"@type\":\"ListItem\",\"position\":1,\"name\":\"Home\",\"item\":\"https:\/\/www.pcprogetti.it\/it\/\"},{\"@type\":\"ListItem\",\"position\":2,\"name\":\"Shop\",\"item\":\"https:\/\/www.pcprogetti.it\/?page_id=4313\"},{\"@type\":\"ListItem\",\"position\":3,\"name\":\"SKM-250\"}]},{\"@type\":\"WebSite\",\"@id\":\"https:\/\/www.pcprogetti.it\/it\/#website\",\"url\":\"https:\/\/www.pcprogetti.it\/it\/\",\"name\":\"Think&#039; PC PROGETTI\",\"description\":\"Banchi di prova per valvole e attuatori\",\"publisher\":{\"@id\":\"https:\/\/www.pcprogetti.it\/it\/#organization\"},\"potentialAction\":[{\"@type\":\"SearchAction\",\"target\":{\"@type\":\"EntryPoint\",\"urlTemplate\":\"https:\/\/www.pcprogetti.it\/it\/?s={search_term_string}\"},\"query-input\":{\"@type\":\"PropertyValueSpecification\",\"valueRequired\":true,\"valueName\":\"search_term_string\"}}],\"inLanguage\":\"it-IT\"},{\"@type\":\"Organization\",\"@id\":\"https:\/\/www.pcprogetti.it\/it\/#organization\",\"name\":\"think' PC PROGETTI S.r.l. a socio unico\",\"url\":\"https:\/\/www.pcprogetti.it\/it\/\",\"logo\":{\"@type\":\"ImageObject\",\"inLanguage\":\"it-IT\",\"@id\":\"https:\/\/www.pcprogetti.it\/it\/#\/schema\/logo\/image\/\",\"url\":\"https:\/\/www.pcprogetti.it\/wp-content\/uploads\/think-pc-progetti_logo.png\",\"contentUrl\":\"https:\/\/www.pcprogetti.it\/wp-content\/uploads\/think-pc-progetti_logo.png\",\"width\":1718,\"height\":132,\"caption\":\"think' PC PROGETTI S.r.l. a socio unico\"},\"image\":{\"@id\":\"https:\/\/www.pcprogetti.it\/it\/#\/schema\/logo\/image\/\"}}]}<\/script>\n<!-- \/ Yoast SEO plugin. -->","yoast_head_json":{"title":"SKM-250 - Think&#039; PC PROGETTI","description":"Skid di pressurizzazione idraulico\/pneumatico. Controllo semi-automatico con comando su console. Ogni elemento del processo (valvole e pompa) \u00e8 controllato dall'operatore tramite pulsanti luminosi.","robots":{"index":"index","follow":"follow","max-snippet":"max-snippet:-1","max-image-preview":"max-image-preview:large","max-video-preview":"max-video-preview:-1"},"canonical":"https:\/\/www.pcprogetti.it\/it\/prodotto\/modello-skm-250\/","og_locale":"it_IT","og_type":"article","og_title":"SKM-250 - Think&#039; PC PROGETTI","og_description":"Skid di pressurizzazione idraulico\/pneumatico. Controllo semi-automatico con comando su console. Ogni elemento del processo (valvole e pompa) \u00e8 controllato dall'operatore tramite pulsanti luminosi.","og_url":"https:\/\/www.pcprogetti.it\/it\/prodotto\/modello-skm-250\/","og_site_name":"Think&#039; PC PROGETTI","article_modified_time":"2021-09-29T12:45:37+00:00","og_image":[{"width":690,"height":1093,"url":"https:\/\/www.pcprogetti.it\/wp-content\/uploads\/MODEL-SKM-250-1.jpg","type":"image\/jpeg"}],"twitter_card":"summary_large_image","twitter_misc":{"Tempo di lettura stimato":"1 minuto"},"schema":{"@context":"https:\/\/schema.org","@graph":[{"@type":["WebPage","ItemPage"],"@id":"https:\/\/www.pcprogetti.it\/it\/prodotto\/modello-skm-250\/","url":"https:\/\/www.pcprogetti.it\/it\/prodotto\/modello-skm-250\/","name":"SKM-250 - Think&#039; PC PROGETTI","isPartOf":{"@id":"https:\/\/www.pcprogetti.it\/it\/#website"},"primaryImageOfPage":{"@id":"https:\/\/www.pcprogetti.it\/it\/prodotto\/modello-skm-250\/#primaryimage"},"image":{"@id":"https:\/\/www.pcprogetti.it\/it\/prodotto\/modello-skm-250\/#primaryimage"},"thumbnailUrl":"https:\/\/www.pcprogetti.it\/wp-content\/uploads\/MODEL-SKM-250-1.jpg","datePublished":"2021-06-09T09:59:20+00:00","dateModified":"2021-09-29T12:45:37+00:00","description":"Skid di pressurizzazione idraulico\/pneumatico. Controllo semi-automatico con comando su console. Ogni elemento del processo (valvole e pompa) \u00e8 controllato dall'operatore tramite pulsanti luminosi.","breadcrumb":{"@id":"https:\/\/www.pcprogetti.it\/it\/prodotto\/modello-skm-250\/#breadcrumb"},"inLanguage":"it-IT","potentialAction":[{"@type":"ReadAction","target":["https:\/\/www.pcprogetti.it\/it\/prodotto\/modello-skm-250\/"]}]},{"@type":"ImageObject","inLanguage":"it-IT","@id":"https:\/\/www.pcprogetti.it\/it\/prodotto\/modello-skm-250\/#primaryimage","url":"https:\/\/www.pcprogetti.it\/wp-content\/uploads\/MODEL-SKM-250-1.jpg","contentUrl":"https:\/\/www.pcprogetti.it\/wp-content\/uploads\/MODEL-SKM-250-1.jpg","width":690,"height":1093},{"@type":"BreadcrumbList","@id":"https:\/\/www.pcprogetti.it\/it\/prodotto\/modello-skm-250\/#breadcrumb","itemListElement":[{"@type":"ListItem","position":1,"name":"Home","item":"https:\/\/www.pcprogetti.it\/it\/"},{"@type":"ListItem","position":2,"name":"Shop","item":"https:\/\/www.pcprogetti.it\/?page_id=4313"},{"@type":"ListItem","position":3,"name":"SKM-250"}]},{"@type":"WebSite","@id":"https:\/\/www.pcprogetti.it\/it\/#website","url":"https:\/\/www.pcprogetti.it\/it\/","name":"Think&#039; PC PROGETTI","description":"Banchi di prova per valvole e attuatori","publisher":{"@id":"https:\/\/www.pcprogetti.it\/it\/#organization"},"potentialAction":[{"@type":"SearchAction","target":{"@type":"EntryPoint","urlTemplate":"https:\/\/www.pcprogetti.it\/it\/?s={search_term_string}"},"query-input":{"@type":"PropertyValueSpecification","valueRequired":true,"valueName":"search_term_string"}}],"inLanguage":"it-IT"},{"@type":"Organization","@id":"https:\/\/www.pcprogetti.it\/it\/#organization","name":"think' PC PROGETTI S.r.l. a socio unico","url":"https:\/\/www.pcprogetti.it\/it\/","logo":{"@type":"ImageObject","inLanguage":"it-IT","@id":"https:\/\/www.pcprogetti.it\/it\/#\/schema\/logo\/image\/","url":"https:\/\/www.pcprogetti.it\/wp-content\/uploads\/think-pc-progetti_logo.png","contentUrl":"https:\/\/www.pcprogetti.it\/wp-content\/uploads\/think-pc-progetti_logo.png","width":1718,"height":132,"caption":"think' PC PROGETTI S.r.l. a socio unico"},"image":{"@id":"https:\/\/www.pcprogetti.it\/it\/#\/schema\/logo\/image\/"}}]}},"_links":{"self":[{"href":"https:\/\/www.pcprogetti.it\/it\/wp-json\/wp\/v3\/product\/1087","targetHints":{"allow":["GET"]}}],"collection":[{"href":"https:\/\/www.pcprogetti.it\/it\/wp-json\/wp\/v3\/product"}],"about":[{"href":"https:\/\/www.pcprogetti.it\/it\/wp-json\/wp\/v2\/types\/product"}],"replies":[{"embeddable":true,"href":"https:\/\/www.pcprogetti.it\/it\/wp-json\/wp\/v2\/comments?post=1087"}],"wp:featuredmedia":[{"embeddable":true,"href":"https:\/\/www.pcprogetti.it\/it\/wp-json\/wp\/v2\/media\/1076"}],"wp:attachment":[{"href":"https:\/\/www.pcprogetti.it\/it\/wp-json\/wp\/v2\/media?parent=1087"}],"wp:term":[{"taxonomy":"product_cat","embeddable":true,"href":"https:\/\/www.pcprogetti.it\/it\/wp-json\/wp\/v2\/product_cat?post=1087"},{"taxonomy":"product_tag","embeddable":true,"href":"https:\/\/www.pcprogetti.it\/it\/wp-json\/wp\/v2\/product_tag?post=1087"}],"curies":[{"name":"wp","href":"https:\/\/api.w.org\/{rel}","templated":true}]}}