{"id":1115,"date":"2021-06-09T11:42:04","date_gmt":"2021-06-09T10:42:04","guid":{"rendered":"https:\/\/www.pcprogetti.it\/product\/modello-skmm-80-gas\/"},"modified":"2021-09-29T15:21:16","modified_gmt":"2021-09-29T13:21:16","slug":"modello-skmm-80-gas","status":"publish","type":"product","link":"https:\/\/www.pcprogetti.it\/it\/prodotto\/modello-skmm-80-gas\/","title":{"rendered":"SKMM-80\/GAS"},"content":{"rendered":"<p>Skid di pressurizzazione idraulico\/pneumatico. Comandato da un pulsante elettrico su pannello grafico sinottico o da valvole a spillo manuali (GAS). Ogni elemento del processo \u00e8 controllato direttamente dall&#8217;operatore; \u00e8 stata inclusa una protezione di sicurezza per manovre errate. Questo rende lo SKID molto flessibile a qualsiasi procedura di prova. La perdita potrebbe essere misurata (opzione) dal contatore elettronico delle bolle, dalla colonna d&#8217;acqua di alta precisione (API), dal flussometro a turbina e dal misuratore di portata massica (FCI 70-2). La pompa del vuoto pu\u00f2 essere installata (opzione) per assicurare l&#8217;assenza di aria all&#8217;interno del corpo della valvola prima del riempimento con acqua; al fine di ridurre il tempo di prova e aumentare la sicurezza dell&#8217;operatore. Tutti i componenti del processo a contatto con l&#8217;acqua sono in acciaio inossidabile e dimensionati per una pressione di esercizio di 700bar. Ha un&#8217;alta capacit\u00e0 di flusso di riempimento e il recupero del fluido di prova \u00e8 automatico. Le valvole a spillo metallo-metallo assicurano un&#8217;alta affidabilit\u00e0.<br \/>\nUn PC basato su Windows per la registrazione dei dati potrebbe essere incluso, strumentazione fornita con protocollo di interfaccia seriale MODBUS (TestREC2.0-M).<\/p>\n<p><span style=\"font-size:18px\">*Viene descritta la versione standard. I banchi prova possono essere personalizzati in qualsiasi aspetto tecnico secondo le preferenze del cliente.(In attesa di brevetto)<\/span><\/p>\n","protected":false},"excerpt":{"rendered":"<p>Ogni elemento del processo \u00e8 controllato direttamente dall&#8217;operatore; \u00e8 stata inclusa una protezione di sicurezza per manovre errate. Questo rende lo SKID molto flessibile a qualsiasi procedura di prova.<\/p>\n","protected":false},"featured_media":1098,"comment_status":"open","ping_status":"closed","template":"","meta":{"_et_pb_use_builder":"","_et_pb_old_content":"","_et_gb_content_width":""},"product_cat":[67],"product_tag":[],"class_list":["post-1115","product","type-product","status-publish","has-post-thumbnail","hentry","product_cat-manuali"],"yoast_head":"<!-- This site is optimized with the Yoast SEO plugin v25.2 - https:\/\/yoast.com\/wordpress\/plugins\/seo\/ -->\n<title>SKMM-80\/GAS - Think&#039; PC PROGETTI<\/title>\n<meta name=\"description\" content=\"Ogni elemento del processo \u00e8 controllato direttamente dall&#039;operatore; \u00e8 stata inclusa una protezione di sicurezza per manovre errate. Questo rende lo SKID molto flessibile a qualsiasi procedura di prova.\" \/>\n<meta name=\"robots\" content=\"index, follow, max-snippet:-1, max-image-preview:large, max-video-preview:-1\" \/>\n<link rel=\"canonical\" href=\"https:\/\/www.pcprogetti.it\/it\/prodotto\/modello-skmm-80-gas\/\" \/>\n<meta property=\"og:locale\" content=\"it_IT\" \/>\n<meta property=\"og:type\" content=\"article\" \/>\n<meta property=\"og:title\" content=\"SKMM-80\/GAS - Think&#039; PC PROGETTI\" \/>\n<meta property=\"og:description\" content=\"Ogni elemento del processo \u00e8 controllato direttamente dall&#039;operatore; \u00e8 stata inclusa una protezione di sicurezza per manovre errate. Questo rende lo SKID molto flessibile a qualsiasi procedura di prova.\" \/>\n<meta property=\"og:url\" content=\"https:\/\/www.pcprogetti.it\/it\/prodotto\/modello-skmm-80-gas\/\" \/>\n<meta property=\"og:site_name\" content=\"Think&#039; PC PROGETTI\" \/>\n<meta property=\"article:modified_time\" content=\"2021-09-29T13:21:16+00:00\" \/>\n<meta property=\"og:image\" content=\"https:\/\/www.pcprogetti.it\/wp-content\/uploads\/MODEL-SKMM-80_GAS.jpg\" \/>\n\t<meta property=\"og:image:width\" content=\"1034\" \/>\n\t<meta property=\"og:image:height\" content=\"1284\" \/>\n\t<meta property=\"og:image:type\" content=\"image\/jpeg\" \/>\n<meta name=\"twitter:card\" content=\"summary_large_image\" \/>\n<meta name=\"twitter:label1\" content=\"Tempo di lettura stimato\" \/>\n\t<meta name=\"twitter:data1\" content=\"1 minuto\" \/>\n<script type=\"application\/ld+json\" class=\"yoast-schema-graph\">{\"@context\":\"https:\/\/schema.org\",\"@graph\":[{\"@type\":[\"WebPage\",\"ItemPage\"],\"@id\":\"https:\/\/www.pcprogetti.it\/it\/prodotto\/modello-skmm-80-gas\/\",\"url\":\"https:\/\/www.pcprogetti.it\/it\/prodotto\/modello-skmm-80-gas\/\",\"name\":\"SKMM-80\/GAS - Think&#039; PC PROGETTI\",\"isPartOf\":{\"@id\":\"https:\/\/www.pcprogetti.it\/it\/#website\"},\"primaryImageOfPage\":{\"@id\":\"https:\/\/www.pcprogetti.it\/it\/prodotto\/modello-skmm-80-gas\/#primaryimage\"},\"image\":{\"@id\":\"https:\/\/www.pcprogetti.it\/it\/prodotto\/modello-skmm-80-gas\/#primaryimage\"},\"thumbnailUrl\":\"https:\/\/www.pcprogetti.it\/wp-content\/uploads\/MODEL-SKMM-80_GAS.jpg\",\"datePublished\":\"2021-06-09T10:42:04+00:00\",\"dateModified\":\"2021-09-29T13:21:16+00:00\",\"description\":\"Ogni elemento del processo \u00e8 controllato direttamente dall'operatore; \u00e8 stata inclusa una protezione di sicurezza per manovre errate. Questo rende lo SKID molto flessibile a qualsiasi procedura di prova.\",\"breadcrumb\":{\"@id\":\"https:\/\/www.pcprogetti.it\/it\/prodotto\/modello-skmm-80-gas\/#breadcrumb\"},\"inLanguage\":\"it-IT\",\"potentialAction\":[{\"@type\":\"ReadAction\",\"target\":[\"https:\/\/www.pcprogetti.it\/it\/prodotto\/modello-skmm-80-gas\/\"]}]},{\"@type\":\"ImageObject\",\"inLanguage\":\"it-IT\",\"@id\":\"https:\/\/www.pcprogetti.it\/it\/prodotto\/modello-skmm-80-gas\/#primaryimage\",\"url\":\"https:\/\/www.pcprogetti.it\/wp-content\/uploads\/MODEL-SKMM-80_GAS.jpg\",\"contentUrl\":\"https:\/\/www.pcprogetti.it\/wp-content\/uploads\/MODEL-SKMM-80_GAS.jpg\",\"width\":1034,\"height\":1284},{\"@type\":\"BreadcrumbList\",\"@id\":\"https:\/\/www.pcprogetti.it\/it\/prodotto\/modello-skmm-80-gas\/#breadcrumb\",\"itemListElement\":[{\"@type\":\"ListItem\",\"position\":1,\"name\":\"Home\",\"item\":\"https:\/\/www.pcprogetti.it\/it\/\"},{\"@type\":\"ListItem\",\"position\":2,\"name\":\"Shop\",\"item\":\"https:\/\/www.pcprogetti.it\/?page_id=4313\"},{\"@type\":\"ListItem\",\"position\":3,\"name\":\"SKMM-80\/GAS\"}]},{\"@type\":\"WebSite\",\"@id\":\"https:\/\/www.pcprogetti.it\/it\/#website\",\"url\":\"https:\/\/www.pcprogetti.it\/it\/\",\"name\":\"Think&#039; PC PROGETTI\",\"description\":\"Banchi di prova per valvole e attuatori\",\"publisher\":{\"@id\":\"https:\/\/www.pcprogetti.it\/it\/#organization\"},\"potentialAction\":[{\"@type\":\"SearchAction\",\"target\":{\"@type\":\"EntryPoint\",\"urlTemplate\":\"https:\/\/www.pcprogetti.it\/it\/?s={search_term_string}\"},\"query-input\":{\"@type\":\"PropertyValueSpecification\",\"valueRequired\":true,\"valueName\":\"search_term_string\"}}],\"inLanguage\":\"it-IT\"},{\"@type\":\"Organization\",\"@id\":\"https:\/\/www.pcprogetti.it\/it\/#organization\",\"name\":\"think' PC PROGETTI S.r.l. a socio unico\",\"url\":\"https:\/\/www.pcprogetti.it\/it\/\",\"logo\":{\"@type\":\"ImageObject\",\"inLanguage\":\"it-IT\",\"@id\":\"https:\/\/www.pcprogetti.it\/it\/#\/schema\/logo\/image\/\",\"url\":\"https:\/\/www.pcprogetti.it\/wp-content\/uploads\/think-pc-progetti_logo.png\",\"contentUrl\":\"https:\/\/www.pcprogetti.it\/wp-content\/uploads\/think-pc-progetti_logo.png\",\"width\":1718,\"height\":132,\"caption\":\"think' PC PROGETTI S.r.l. a socio unico\"},\"image\":{\"@id\":\"https:\/\/www.pcprogetti.it\/it\/#\/schema\/logo\/image\/\"}}]}<\/script>\n<!-- \/ Yoast SEO plugin. -->","yoast_head_json":{"title":"SKMM-80\/GAS - Think&#039; PC PROGETTI","description":"Ogni elemento del processo \u00e8 controllato direttamente dall'operatore; \u00e8 stata inclusa una protezione di sicurezza per manovre errate. Questo rende lo SKID molto flessibile a qualsiasi procedura di prova.","robots":{"index":"index","follow":"follow","max-snippet":"max-snippet:-1","max-image-preview":"max-image-preview:large","max-video-preview":"max-video-preview:-1"},"canonical":"https:\/\/www.pcprogetti.it\/it\/prodotto\/modello-skmm-80-gas\/","og_locale":"it_IT","og_type":"article","og_title":"SKMM-80\/GAS - Think&#039; PC PROGETTI","og_description":"Ogni elemento del processo \u00e8 controllato direttamente dall'operatore; \u00e8 stata inclusa una protezione di sicurezza per manovre errate. Questo rende lo SKID molto flessibile a qualsiasi procedura di prova.","og_url":"https:\/\/www.pcprogetti.it\/it\/prodotto\/modello-skmm-80-gas\/","og_site_name":"Think&#039; PC PROGETTI","article_modified_time":"2021-09-29T13:21:16+00:00","og_image":[{"width":1034,"height":1284,"url":"https:\/\/www.pcprogetti.it\/wp-content\/uploads\/MODEL-SKMM-80_GAS.jpg","type":"image\/jpeg"}],"twitter_card":"summary_large_image","twitter_misc":{"Tempo di lettura stimato":"1 minuto"},"schema":{"@context":"https:\/\/schema.org","@graph":[{"@type":["WebPage","ItemPage"],"@id":"https:\/\/www.pcprogetti.it\/it\/prodotto\/modello-skmm-80-gas\/","url":"https:\/\/www.pcprogetti.it\/it\/prodotto\/modello-skmm-80-gas\/","name":"SKMM-80\/GAS - Think&#039; PC PROGETTI","isPartOf":{"@id":"https:\/\/www.pcprogetti.it\/it\/#website"},"primaryImageOfPage":{"@id":"https:\/\/www.pcprogetti.it\/it\/prodotto\/modello-skmm-80-gas\/#primaryimage"},"image":{"@id":"https:\/\/www.pcprogetti.it\/it\/prodotto\/modello-skmm-80-gas\/#primaryimage"},"thumbnailUrl":"https:\/\/www.pcprogetti.it\/wp-content\/uploads\/MODEL-SKMM-80_GAS.jpg","datePublished":"2021-06-09T10:42:04+00:00","dateModified":"2021-09-29T13:21:16+00:00","description":"Ogni elemento del processo \u00e8 controllato direttamente dall'operatore; \u00e8 stata inclusa una protezione di sicurezza per manovre errate. Questo rende lo SKID molto flessibile a qualsiasi procedura di prova.","breadcrumb":{"@id":"https:\/\/www.pcprogetti.it\/it\/prodotto\/modello-skmm-80-gas\/#breadcrumb"},"inLanguage":"it-IT","potentialAction":[{"@type":"ReadAction","target":["https:\/\/www.pcprogetti.it\/it\/prodotto\/modello-skmm-80-gas\/"]}]},{"@type":"ImageObject","inLanguage":"it-IT","@id":"https:\/\/www.pcprogetti.it\/it\/prodotto\/modello-skmm-80-gas\/#primaryimage","url":"https:\/\/www.pcprogetti.it\/wp-content\/uploads\/MODEL-SKMM-80_GAS.jpg","contentUrl":"https:\/\/www.pcprogetti.it\/wp-content\/uploads\/MODEL-SKMM-80_GAS.jpg","width":1034,"height":1284},{"@type":"BreadcrumbList","@id":"https:\/\/www.pcprogetti.it\/it\/prodotto\/modello-skmm-80-gas\/#breadcrumb","itemListElement":[{"@type":"ListItem","position":1,"name":"Home","item":"https:\/\/www.pcprogetti.it\/it\/"},{"@type":"ListItem","position":2,"name":"Shop","item":"https:\/\/www.pcprogetti.it\/?page_id=4313"},{"@type":"ListItem","position":3,"name":"SKMM-80\/GAS"}]},{"@type":"WebSite","@id":"https:\/\/www.pcprogetti.it\/it\/#website","url":"https:\/\/www.pcprogetti.it\/it\/","name":"Think&#039; PC PROGETTI","description":"Banchi di prova per valvole e attuatori","publisher":{"@id":"https:\/\/www.pcprogetti.it\/it\/#organization"},"potentialAction":[{"@type":"SearchAction","target":{"@type":"EntryPoint","urlTemplate":"https:\/\/www.pcprogetti.it\/it\/?s={search_term_string}"},"query-input":{"@type":"PropertyValueSpecification","valueRequired":true,"valueName":"search_term_string"}}],"inLanguage":"it-IT"},{"@type":"Organization","@id":"https:\/\/www.pcprogetti.it\/it\/#organization","name":"think' PC PROGETTI S.r.l. a socio unico","url":"https:\/\/www.pcprogetti.it\/it\/","logo":{"@type":"ImageObject","inLanguage":"it-IT","@id":"https:\/\/www.pcprogetti.it\/it\/#\/schema\/logo\/image\/","url":"https:\/\/www.pcprogetti.it\/wp-content\/uploads\/think-pc-progetti_logo.png","contentUrl":"https:\/\/www.pcprogetti.it\/wp-content\/uploads\/think-pc-progetti_logo.png","width":1718,"height":132,"caption":"think' PC PROGETTI S.r.l. a socio unico"},"image":{"@id":"https:\/\/www.pcprogetti.it\/it\/#\/schema\/logo\/image\/"}}]}},"_links":{"self":[{"href":"https:\/\/www.pcprogetti.it\/it\/wp-json\/wp\/v3\/product\/1115","targetHints":{"allow":["GET"]}}],"collection":[{"href":"https:\/\/www.pcprogetti.it\/it\/wp-json\/wp\/v3\/product"}],"about":[{"href":"https:\/\/www.pcprogetti.it\/it\/wp-json\/wp\/v2\/types\/product"}],"replies":[{"embeddable":true,"href":"https:\/\/www.pcprogetti.it\/it\/wp-json\/wp\/v2\/comments?post=1115"}],"wp:featuredmedia":[{"embeddable":true,"href":"https:\/\/www.pcprogetti.it\/it\/wp-json\/wp\/v2\/media\/1098"}],"wp:attachment":[{"href":"https:\/\/www.pcprogetti.it\/it\/wp-json\/wp\/v2\/media?parent=1115"}],"wp:term":[{"taxonomy":"product_cat","embeddable":true,"href":"https:\/\/www.pcprogetti.it\/it\/wp-json\/wp\/v2\/product_cat?post=1115"},{"taxonomy":"product_tag","embeddable":true,"href":"https:\/\/www.pcprogetti.it\/it\/wp-json\/wp\/v2\/product_tag?post=1115"}],"curies":[{"name":"wp","href":"https:\/\/api.w.org\/{rel}","templated":true}]}}