{"id":317,"date":"2021-06-07T09:57:57","date_gmt":"2021-06-07T08:57:57","guid":{"rendered":"https:\/\/www.pcprogetti.it\/product\/modello-bo30-2cv-250l\/"},"modified":"2022-01-17T10:50:37","modified_gmt":"2022-01-17T09:50:37","slug":"modello-bo30-2cv-250l","status":"publish","type":"product","link":"https:\/\/www.pcprogetti.it\/it\/prodotto\/modello-bo30-2cv-250l\/","title":{"rendered":"BO30-2CV\/250L"},"content":{"rendered":"<p>Banco prova orizzontale con serraggio combinato: tenuta radiale interna e serraggio a pressione.<br \/>\nIl ponte mobile di reazione \u00e8 mosso da due colonne filettate che assicurano la completa assenza di forze esterne sul corpo della valvola e un cilindro idraulico pu\u00f2 effettuare il serraggio a pressione con o senza controllo proporzionale. Questa prerogativa la rende conforme ai pi\u00f9 diffusi standard di prova internazionali. Nel basamento, un serbatoio d&#8217;acqua \u00e8 installato come riserva d&#8217;acqua per le procedure di prova. Un set completo di misuratori di portata pu\u00f2 essere installato (vedi opzione) per eseguire il test di tenuta della sede sulle valvole di controllo.<br \/>\nL&#8217;impianto \u00e8 controllato dallo skid di pressurizzazione <strong>SKA-100<\/strong>; per maggiori informazioni consultare le schede tecniche dedicate. L&#8217;impianto pu\u00f2 essere completato con diverse opzioni e accessori, si prega di contattare il nostro ufficio vendite per avere maggiori informazioni.<\/p>\n<p><span style=\"font-size:18px\">*Viene descritta la versione standard. I banchi prova possono essere personalizzati in qualsiasi aspetto tecnico secondo le preferenze del cliente.(In attesa di brevetto)<\/span><\/p>\n","protected":false},"excerpt":{"rendered":"<p>Banco prova orizzontale con serraggio combinato: tenuta radiale interna e serraggio a pressione.<br \/>\nIl ponte mobile di reazione \u00e8 mosso da due colonne filettate che assicurano la completa assenza di forze esterne sul corpo della valvola e un cilindro idraulico pu\u00f2 effettuare il serraggio a pressione con o senza controllo proporzionale.<\/p>\n","protected":false},"featured_media":264,"comment_status":"open","ping_status":"closed","template":"","meta":{"_et_pb_use_builder":"","_et_pb_old_content":"","_et_gb_content_width":""},"product_cat":[34],"product_tag":[],"class_list":["post-317","product","type-product","status-publish","has-post-thumbnail","hentry","product_cat-orizzontali-con-disposizione-delle-colonne-di-reazione-a-30"],"yoast_head":"<!-- This site is optimized with the Yoast SEO plugin v25.2 - https:\/\/yoast.com\/wordpress\/plugins\/seo\/ -->\n<title>BO30-2CV\/250L - Think&#039; PC PROGETTI<\/title>\n<meta name=\"description\" content=\"Banco prova orizzontale con serraggio combinato: tenuta radiale interna e serraggio a pressione.  Il ponte mobile di reazione \u00e8 mosso da due colonne filettate che assicurano la completa assenza di forze esterne sul corpo della valvola e un cilindro idraulico pu\u00f2 effettuare il serraggio a pressione con o senza controllo proporzionale.\" \/>\n<meta name=\"robots\" content=\"index, follow, max-snippet:-1, max-image-preview:large, max-video-preview:-1\" \/>\n<link rel=\"canonical\" href=\"https:\/\/www.pcprogetti.it\/it\/prodotto\/modello-bo30-2cv-250l\/\" \/>\n<meta property=\"og:locale\" content=\"it_IT\" \/>\n<meta property=\"og:type\" content=\"article\" \/>\n<meta property=\"og:title\" content=\"BO30-2CV\/250L - Think&#039; PC PROGETTI\" \/>\n<meta property=\"og:description\" content=\"Banco prova orizzontale con serraggio combinato: tenuta radiale interna e serraggio a pressione.  Il ponte mobile di reazione \u00e8 mosso da due colonne filettate che assicurano la completa assenza di forze esterne sul corpo della valvola e un cilindro idraulico pu\u00f2 effettuare il serraggio a pressione con o senza controllo proporzionale.\" \/>\n<meta property=\"og:url\" content=\"https:\/\/www.pcprogetti.it\/it\/prodotto\/modello-bo30-2cv-250l\/\" \/>\n<meta property=\"og:site_name\" content=\"Think&#039; PC PROGETTI\" \/>\n<meta property=\"article:modified_time\" content=\"2022-01-17T09:50:37+00:00\" \/>\n<meta property=\"og:image\" content=\"https:\/\/www.pcprogetti.it\/wp-content\/uploads\/MODEL-BO30-2CV_250L-1.jpg\" \/>\n\t<meta property=\"og:image:width\" content=\"1920\" \/>\n\t<meta property=\"og:image:height\" content=\"939\" \/>\n\t<meta property=\"og:image:type\" content=\"image\/jpeg\" \/>\n<meta name=\"twitter:card\" content=\"summary_large_image\" \/>\n<meta name=\"twitter:label1\" content=\"Tempo di lettura stimato\" \/>\n\t<meta name=\"twitter:data1\" content=\"1 minuto\" \/>\n<script type=\"application\/ld+json\" class=\"yoast-schema-graph\">{\"@context\":\"https:\/\/schema.org\",\"@graph\":[{\"@type\":[\"WebPage\",\"ItemPage\"],\"@id\":\"https:\/\/www.pcprogetti.it\/it\/prodotto\/modello-bo30-2cv-250l\/\",\"url\":\"https:\/\/www.pcprogetti.it\/it\/prodotto\/modello-bo30-2cv-250l\/\",\"name\":\"BO30-2CV\/250L - Think&#039; PC PROGETTI\",\"isPartOf\":{\"@id\":\"https:\/\/www.pcprogetti.it\/it\/#website\"},\"primaryImageOfPage\":{\"@id\":\"https:\/\/www.pcprogetti.it\/it\/prodotto\/modello-bo30-2cv-250l\/#primaryimage\"},\"image\":{\"@id\":\"https:\/\/www.pcprogetti.it\/it\/prodotto\/modello-bo30-2cv-250l\/#primaryimage\"},\"thumbnailUrl\":\"https:\/\/www.pcprogetti.it\/wp-content\/uploads\/MODEL-BO30-2CV_250L-1.jpg\",\"datePublished\":\"2021-06-07T08:57:57+00:00\",\"dateModified\":\"2022-01-17T09:50:37+00:00\",\"description\":\"Banco prova orizzontale con serraggio combinato: tenuta radiale interna e serraggio a pressione. Il ponte mobile di reazione \u00e8 mosso da due colonne filettate che assicurano la completa assenza di forze esterne sul corpo della valvola e un cilindro idraulico pu\u00f2 effettuare il serraggio a pressione con o senza controllo proporzionale.\",\"breadcrumb\":{\"@id\":\"https:\/\/www.pcprogetti.it\/it\/prodotto\/modello-bo30-2cv-250l\/#breadcrumb\"},\"inLanguage\":\"it-IT\",\"potentialAction\":[{\"@type\":\"ReadAction\",\"target\":[\"https:\/\/www.pcprogetti.it\/it\/prodotto\/modello-bo30-2cv-250l\/\"]}]},{\"@type\":\"ImageObject\",\"inLanguage\":\"it-IT\",\"@id\":\"https:\/\/www.pcprogetti.it\/it\/prodotto\/modello-bo30-2cv-250l\/#primaryimage\",\"url\":\"https:\/\/www.pcprogetti.it\/wp-content\/uploads\/MODEL-BO30-2CV_250L-1.jpg\",\"contentUrl\":\"https:\/\/www.pcprogetti.it\/wp-content\/uploads\/MODEL-BO30-2CV_250L-1.jpg\",\"width\":1920,\"height\":939,\"caption\":\"Banco prova orizzontale per valvole - BO30-2CV\/250L\"},{\"@type\":\"BreadcrumbList\",\"@id\":\"https:\/\/www.pcprogetti.it\/it\/prodotto\/modello-bo30-2cv-250l\/#breadcrumb\",\"itemListElement\":[{\"@type\":\"ListItem\",\"position\":1,\"name\":\"Home\",\"item\":\"https:\/\/www.pcprogetti.it\/it\/\"},{\"@type\":\"ListItem\",\"position\":2,\"name\":\"Shop\",\"item\":\"https:\/\/www.pcprogetti.it\/?page_id=4313\"},{\"@type\":\"ListItem\",\"position\":3,\"name\":\"BO30-2CV\/250L\"}]},{\"@type\":\"WebSite\",\"@id\":\"https:\/\/www.pcprogetti.it\/it\/#website\",\"url\":\"https:\/\/www.pcprogetti.it\/it\/\",\"name\":\"Think&#039; PC PROGETTI\",\"description\":\"Banchi di prova per valvole e attuatori\",\"publisher\":{\"@id\":\"https:\/\/www.pcprogetti.it\/it\/#organization\"},\"potentialAction\":[{\"@type\":\"SearchAction\",\"target\":{\"@type\":\"EntryPoint\",\"urlTemplate\":\"https:\/\/www.pcprogetti.it\/it\/?s={search_term_string}\"},\"query-input\":{\"@type\":\"PropertyValueSpecification\",\"valueRequired\":true,\"valueName\":\"search_term_string\"}}],\"inLanguage\":\"it-IT\"},{\"@type\":\"Organization\",\"@id\":\"https:\/\/www.pcprogetti.it\/it\/#organization\",\"name\":\"think' PC PROGETTI S.r.l. a socio unico\",\"url\":\"https:\/\/www.pcprogetti.it\/it\/\",\"logo\":{\"@type\":\"ImageObject\",\"inLanguage\":\"it-IT\",\"@id\":\"https:\/\/www.pcprogetti.it\/it\/#\/schema\/logo\/image\/\",\"url\":\"https:\/\/www.pcprogetti.it\/wp-content\/uploads\/think-pc-progetti_logo.png\",\"contentUrl\":\"https:\/\/www.pcprogetti.it\/wp-content\/uploads\/think-pc-progetti_logo.png\",\"width\":1718,\"height\":132,\"caption\":\"think' PC PROGETTI S.r.l. a socio unico\"},\"image\":{\"@id\":\"https:\/\/www.pcprogetti.it\/it\/#\/schema\/logo\/image\/\"}}]}<\/script>\n<!-- \/ Yoast SEO plugin. -->","yoast_head_json":{"title":"BO30-2CV\/250L - Think&#039; PC PROGETTI","description":"Banco prova orizzontale con serraggio combinato: tenuta radiale interna e serraggio a pressione.  Il ponte mobile di reazione \u00e8 mosso da due colonne filettate che assicurano la completa assenza di forze esterne sul corpo della valvola e un cilindro idraulico pu\u00f2 effettuare il serraggio a pressione con o senza controllo proporzionale.","robots":{"index":"index","follow":"follow","max-snippet":"max-snippet:-1","max-image-preview":"max-image-preview:large","max-video-preview":"max-video-preview:-1"},"canonical":"https:\/\/www.pcprogetti.it\/it\/prodotto\/modello-bo30-2cv-250l\/","og_locale":"it_IT","og_type":"article","og_title":"BO30-2CV\/250L - Think&#039; PC PROGETTI","og_description":"Banco prova orizzontale con serraggio combinato: tenuta radiale interna e serraggio a pressione.  Il ponte mobile di reazione \u00e8 mosso da due colonne filettate che assicurano la completa assenza di forze esterne sul corpo della valvola e un cilindro idraulico pu\u00f2 effettuare il serraggio a pressione con o senza controllo proporzionale.","og_url":"https:\/\/www.pcprogetti.it\/it\/prodotto\/modello-bo30-2cv-250l\/","og_site_name":"Think&#039; PC PROGETTI","article_modified_time":"2022-01-17T09:50:37+00:00","og_image":[{"width":1920,"height":939,"url":"https:\/\/www.pcprogetti.it\/wp-content\/uploads\/MODEL-BO30-2CV_250L-1.jpg","type":"image\/jpeg"}],"twitter_card":"summary_large_image","twitter_misc":{"Tempo di lettura stimato":"1 minuto"},"schema":{"@context":"https:\/\/schema.org","@graph":[{"@type":["WebPage","ItemPage"],"@id":"https:\/\/www.pcprogetti.it\/it\/prodotto\/modello-bo30-2cv-250l\/","url":"https:\/\/www.pcprogetti.it\/it\/prodotto\/modello-bo30-2cv-250l\/","name":"BO30-2CV\/250L - Think&#039; PC PROGETTI","isPartOf":{"@id":"https:\/\/www.pcprogetti.it\/it\/#website"},"primaryImageOfPage":{"@id":"https:\/\/www.pcprogetti.it\/it\/prodotto\/modello-bo30-2cv-250l\/#primaryimage"},"image":{"@id":"https:\/\/www.pcprogetti.it\/it\/prodotto\/modello-bo30-2cv-250l\/#primaryimage"},"thumbnailUrl":"https:\/\/www.pcprogetti.it\/wp-content\/uploads\/MODEL-BO30-2CV_250L-1.jpg","datePublished":"2021-06-07T08:57:57+00:00","dateModified":"2022-01-17T09:50:37+00:00","description":"Banco prova orizzontale con serraggio combinato: tenuta radiale interna e serraggio a pressione. Il ponte mobile di reazione \u00e8 mosso da due colonne filettate che assicurano la completa assenza di forze esterne sul corpo della valvola e un cilindro idraulico pu\u00f2 effettuare il serraggio a pressione con o senza controllo proporzionale.","breadcrumb":{"@id":"https:\/\/www.pcprogetti.it\/it\/prodotto\/modello-bo30-2cv-250l\/#breadcrumb"},"inLanguage":"it-IT","potentialAction":[{"@type":"ReadAction","target":["https:\/\/www.pcprogetti.it\/it\/prodotto\/modello-bo30-2cv-250l\/"]}]},{"@type":"ImageObject","inLanguage":"it-IT","@id":"https:\/\/www.pcprogetti.it\/it\/prodotto\/modello-bo30-2cv-250l\/#primaryimage","url":"https:\/\/www.pcprogetti.it\/wp-content\/uploads\/MODEL-BO30-2CV_250L-1.jpg","contentUrl":"https:\/\/www.pcprogetti.it\/wp-content\/uploads\/MODEL-BO30-2CV_250L-1.jpg","width":1920,"height":939,"caption":"Banco prova orizzontale per valvole - BO30-2CV\/250L"},{"@type":"BreadcrumbList","@id":"https:\/\/www.pcprogetti.it\/it\/prodotto\/modello-bo30-2cv-250l\/#breadcrumb","itemListElement":[{"@type":"ListItem","position":1,"name":"Home","item":"https:\/\/www.pcprogetti.it\/it\/"},{"@type":"ListItem","position":2,"name":"Shop","item":"https:\/\/www.pcprogetti.it\/?page_id=4313"},{"@type":"ListItem","position":3,"name":"BO30-2CV\/250L"}]},{"@type":"WebSite","@id":"https:\/\/www.pcprogetti.it\/it\/#website","url":"https:\/\/www.pcprogetti.it\/it\/","name":"Think&#039; PC PROGETTI","description":"Banchi di prova per valvole e attuatori","publisher":{"@id":"https:\/\/www.pcprogetti.it\/it\/#organization"},"potentialAction":[{"@type":"SearchAction","target":{"@type":"EntryPoint","urlTemplate":"https:\/\/www.pcprogetti.it\/it\/?s={search_term_string}"},"query-input":{"@type":"PropertyValueSpecification","valueRequired":true,"valueName":"search_term_string"}}],"inLanguage":"it-IT"},{"@type":"Organization","@id":"https:\/\/www.pcprogetti.it\/it\/#organization","name":"think' PC PROGETTI S.r.l. a socio unico","url":"https:\/\/www.pcprogetti.it\/it\/","logo":{"@type":"ImageObject","inLanguage":"it-IT","@id":"https:\/\/www.pcprogetti.it\/it\/#\/schema\/logo\/image\/","url":"https:\/\/www.pcprogetti.it\/wp-content\/uploads\/think-pc-progetti_logo.png","contentUrl":"https:\/\/www.pcprogetti.it\/wp-content\/uploads\/think-pc-progetti_logo.png","width":1718,"height":132,"caption":"think' PC PROGETTI S.r.l. a socio unico"},"image":{"@id":"https:\/\/www.pcprogetti.it\/it\/#\/schema\/logo\/image\/"}}]}},"_links":{"self":[{"href":"https:\/\/www.pcprogetti.it\/it\/wp-json\/wp\/v3\/product\/317","targetHints":{"allow":["GET"]}}],"collection":[{"href":"https:\/\/www.pcprogetti.it\/it\/wp-json\/wp\/v3\/product"}],"about":[{"href":"https:\/\/www.pcprogetti.it\/it\/wp-json\/wp\/v2\/types\/product"}],"replies":[{"embeddable":true,"href":"https:\/\/www.pcprogetti.it\/it\/wp-json\/wp\/v2\/comments?post=317"}],"wp:featuredmedia":[{"embeddable":true,"href":"https:\/\/www.pcprogetti.it\/it\/wp-json\/wp\/v2\/media\/264"}],"wp:attachment":[{"href":"https:\/\/www.pcprogetti.it\/it\/wp-json\/wp\/v2\/media?parent=317"}],"wp:term":[{"taxonomy":"product_cat","embeddable":true,"href":"https:\/\/www.pcprogetti.it\/it\/wp-json\/wp\/v2\/product_cat?post=317"},{"taxonomy":"product_tag","embeddable":true,"href":"https:\/\/www.pcprogetti.it\/it\/wp-json\/wp\/v2\/product_tag?post=317"}],"curies":[{"name":"wp","href":"https:\/\/api.w.org\/{rel}","templated":true}]}}