{"id":319,"date":"2021-06-07T10:03:17","date_gmt":"2021-06-07T09:03:17","guid":{"rendered":"https:\/\/www.pcprogetti.it\/product\/modello-bo30-cv-50p\/"},"modified":"2022-01-17T10:46:29","modified_gmt":"2022-01-17T09:46:29","slug":"modello-bo30-2cv-50p","status":"publish","type":"product","link":"https:\/\/www.pcprogetti.it\/it\/prodotto\/modello-bo30-2cv-50p\/","title":{"rendered":"BO30-2CV\/50P"},"content":{"rendered":"<p>Banco prova orizzontale con serraggio combinato: tenuta radiale interna e serraggio a pressione. Il ponte di reazione mobile \u00e8 mosso da una colonna filettata che assicura la completa assenza di forze esterne sul corpo della valvola e un cilindro idraulico pu\u00f2 effettuare il serraggio a pressione con o senza controllo proporzionale.<br \/>\nQuesta prerogativa lo rende conforme alle norme di prova internazionali pi\u00f9 diffuse. Un distanziale di 600 mm \u00e8 posto sul lato del ponte fisso per accogliere attuatori di grandi dimensioni. Un serbatoio d&#8217;acqua \u00e8 installato nel basamento come riserva d&#8217;acqua per le procedure di prova. Il processo di prova \u00e8 controllato da un PLC elettronico e da un touch screen LCD.<br \/>\nI dati di prova possono essere stampati su una stampante termica 24cln direttamente nell&#8217;area di prova o possono essere scaricati con connessione seriale (standard) su un PC Windows con il software di certificazione TestREC.<\/p>\n<p><span style=\"font-size:18px\">*Viene descritta la versione standard. I banchi prova possono essere personalizzati in qualsiasi aspetto tecnico secondo le preferenze del cliente.(In attesa di brevetto)<\/span><\/p>\n","protected":false},"excerpt":{"rendered":"<p>Banco prova orizzontale con serraggio combinato: tenuta radiale interna e serraggio a pressione. Il ponte di reazione mobile \u00e8 mosso da una colonna filettata che assicura la completa assenza di forze esterne sul corpo della valvola e un cilindro idraulico pu\u00f2 effettuare il serraggio a pressione con o senza controllo proporzionale.<\/p>\n","protected":false},"featured_media":269,"comment_status":"open","ping_status":"closed","template":"","meta":{"_et_pb_use_builder":"","_et_pb_old_content":"","_et_gb_content_width":""},"product_cat":[34],"product_tag":[],"class_list":["post-319","product","type-product","status-publish","has-post-thumbnail","hentry","product_cat-orizzontali-con-disposizione-delle-colonne-di-reazione-a-30"],"yoast_head":"<!-- This site is optimized with the Yoast SEO plugin v27.4 - https:\/\/yoast.com\/product\/yoast-seo-wordpress\/ -->\n<title>BO30-2CV\/50P - Think&#039; PC PROGETTI<\/title>\n<meta name=\"description\" content=\"Banco prova orizzontale con serraggio combinato: tenuta radiale interna e serraggio a pressione. Il ponte di reazione mobile \u00e8 mosso da una colonna filettata che assicura la completa assenza di forze esterne sul corpo della valvola e un cilindro idraulico pu\u00f2 effettuare il serraggio a pressione con o senza controllo proporzionale.\" \/>\n<meta name=\"robots\" content=\"index, follow, max-snippet:-1, max-image-preview:large, max-video-preview:-1\" \/>\n<link rel=\"canonical\" href=\"https:\/\/www.pcprogetti.it\/it\/prodotto\/modello-bo30-2cv-50p\/\" \/>\n<meta property=\"og:locale\" content=\"it_IT\" \/>\n<meta property=\"og:type\" content=\"article\" \/>\n<meta property=\"og:title\" content=\"BO30-2CV\/50P - Think&#039; PC PROGETTI\" \/>\n<meta property=\"og:description\" content=\"Banco prova orizzontale con serraggio combinato: tenuta radiale interna e serraggio a pressione. Il ponte di reazione mobile \u00e8 mosso da una colonna filettata che assicura la completa assenza di forze esterne sul corpo della valvola e un cilindro idraulico pu\u00f2 effettuare il serraggio a pressione con o senza controllo proporzionale.\" \/>\n<meta property=\"og:url\" content=\"https:\/\/www.pcprogetti.it\/it\/prodotto\/modello-bo30-2cv-50p\/\" \/>\n<meta property=\"og:site_name\" content=\"Think&#039; PC PROGETTI\" \/>\n<meta property=\"article:modified_time\" content=\"2022-01-17T09:46:29+00:00\" \/>\n<meta property=\"og:image\" content=\"https:\/\/www.pcprogetti.it\/wp-content\/uploads\/MODEL-BO30-CV_50P-1.jpg\" \/>\n\t<meta property=\"og:image:width\" content=\"1652\" \/>\n\t<meta property=\"og:image:height\" content=\"1310\" \/>\n\t<meta property=\"og:image:type\" content=\"image\/jpeg\" \/>\n<meta name=\"twitter:card\" content=\"summary_large_image\" \/>\n<meta name=\"twitter:label1\" content=\"Tempo di lettura stimato\" \/>\n\t<meta name=\"twitter:data1\" content=\"1 minuto\" \/>\n<script type=\"application\/ld+json\" class=\"yoast-schema-graph\">{\"@context\":\"https:\\\/\\\/schema.org\",\"@graph\":[{\"@type\":[\"WebPage\",\"ItemPage\"],\"@id\":\"https:\\\/\\\/www.pcprogetti.it\\\/it\\\/prodotto\\\/modello-bo30-2cv-50p\\\/\",\"url\":\"https:\\\/\\\/www.pcprogetti.it\\\/it\\\/prodotto\\\/modello-bo30-2cv-50p\\\/\",\"name\":\"BO30-2CV\\\/50P - Think&#039; PC PROGETTI\",\"isPartOf\":{\"@id\":\"https:\\\/\\\/www.pcprogetti.it\\\/it\\\/#website\"},\"primaryImageOfPage\":{\"@id\":\"https:\\\/\\\/www.pcprogetti.it\\\/it\\\/prodotto\\\/modello-bo30-2cv-50p\\\/#primaryimage\"},\"image\":{\"@id\":\"https:\\\/\\\/www.pcprogetti.it\\\/it\\\/prodotto\\\/modello-bo30-2cv-50p\\\/#primaryimage\"},\"thumbnailUrl\":\"https:\\\/\\\/www.pcprogetti.it\\\/wp-content\\\/uploads\\\/MODEL-BO30-CV_50P-1.jpg\",\"datePublished\":\"2021-06-07T09:03:17+00:00\",\"dateModified\":\"2022-01-17T09:46:29+00:00\",\"description\":\"Banco prova orizzontale con serraggio combinato: tenuta radiale interna e serraggio a pressione. Il ponte di reazione mobile \u00e8 mosso da una colonna filettata che assicura la completa assenza di forze esterne sul corpo della valvola e un cilindro idraulico pu\u00f2 effettuare il serraggio a pressione con o senza controllo proporzionale.\",\"breadcrumb\":{\"@id\":\"https:\\\/\\\/www.pcprogetti.it\\\/it\\\/prodotto\\\/modello-bo30-2cv-50p\\\/#breadcrumb\"},\"inLanguage\":\"it-IT\",\"potentialAction\":[{\"@type\":\"ReadAction\",\"target\":[\"https:\\\/\\\/www.pcprogetti.it\\\/it\\\/prodotto\\\/modello-bo30-2cv-50p\\\/\"]}]},{\"@type\":\"ImageObject\",\"inLanguage\":\"it-IT\",\"@id\":\"https:\\\/\\\/www.pcprogetti.it\\\/it\\\/prodotto\\\/modello-bo30-2cv-50p\\\/#primaryimage\",\"url\":\"https:\\\/\\\/www.pcprogetti.it\\\/wp-content\\\/uploads\\\/MODEL-BO30-CV_50P-1.jpg\",\"contentUrl\":\"https:\\\/\\\/www.pcprogetti.it\\\/wp-content\\\/uploads\\\/MODEL-BO30-CV_50P-1.jpg\",\"width\":1652,\"height\":1310,\"caption\":\"Banco prova orizzontale per valvole - BO30-2CV\\\/50P\"},{\"@type\":\"BreadcrumbList\",\"@id\":\"https:\\\/\\\/www.pcprogetti.it\\\/it\\\/prodotto\\\/modello-bo30-2cv-50p\\\/#breadcrumb\",\"itemListElement\":[{\"@type\":\"ListItem\",\"position\":1,\"name\":\"Home\",\"item\":\"https:\\\/\\\/www.pcprogetti.it\\\/it\\\/\"},{\"@type\":\"ListItem\",\"position\":2,\"name\":\"Shop\",\"item\":\"https:\\\/\\\/www.pcprogetti.it\\\/?page_id=4313\"},{\"@type\":\"ListItem\",\"position\":3,\"name\":\"BO30-2CV\\\/50P\"}]},{\"@type\":\"WebSite\",\"@id\":\"https:\\\/\\\/www.pcprogetti.it\\\/it\\\/#website\",\"url\":\"https:\\\/\\\/www.pcprogetti.it\\\/it\\\/\",\"name\":\"Think&#039; PC PROGETTI\",\"description\":\"Banchi di prova per valvole e attuatori\",\"publisher\":{\"@id\":\"https:\\\/\\\/www.pcprogetti.it\\\/it\\\/#organization\"},\"potentialAction\":[{\"@type\":\"SearchAction\",\"target\":{\"@type\":\"EntryPoint\",\"urlTemplate\":\"https:\\\/\\\/www.pcprogetti.it\\\/it\\\/?s={search_term_string}\"},\"query-input\":{\"@type\":\"PropertyValueSpecification\",\"valueRequired\":true,\"valueName\":\"search_term_string\"}}],\"inLanguage\":\"it-IT\"},{\"@type\":\"Organization\",\"@id\":\"https:\\\/\\\/www.pcprogetti.it\\\/it\\\/#organization\",\"name\":\"think' PC PROGETTI S.r.l. a socio unico\",\"url\":\"https:\\\/\\\/www.pcprogetti.it\\\/it\\\/\",\"logo\":{\"@type\":\"ImageObject\",\"inLanguage\":\"it-IT\",\"@id\":\"https:\\\/\\\/www.pcprogetti.it\\\/it\\\/#\\\/schema\\\/logo\\\/image\\\/\",\"url\":\"https:\\\/\\\/www.pcprogetti.it\\\/wp-content\\\/uploads\\\/think-pc-progetti_logo.png\",\"contentUrl\":\"https:\\\/\\\/www.pcprogetti.it\\\/wp-content\\\/uploads\\\/think-pc-progetti_logo.png\",\"width\":1718,\"height\":132,\"caption\":\"think' PC PROGETTI S.r.l. a socio unico\"},\"image\":{\"@id\":\"https:\\\/\\\/www.pcprogetti.it\\\/it\\\/#\\\/schema\\\/logo\\\/image\\\/\"}}]}<\/script>\n<!-- \/ Yoast SEO plugin. -->","yoast_head_json":{"title":"BO30-2CV\/50P - Think&#039; PC PROGETTI","description":"Banco prova orizzontale con serraggio combinato: tenuta radiale interna e serraggio a pressione. Il ponte di reazione mobile \u00e8 mosso da una colonna filettata che assicura la completa assenza di forze esterne sul corpo della valvola e un cilindro idraulico pu\u00f2 effettuare il serraggio a pressione con o senza controllo proporzionale.","robots":{"index":"index","follow":"follow","max-snippet":"max-snippet:-1","max-image-preview":"max-image-preview:large","max-video-preview":"max-video-preview:-1"},"canonical":"https:\/\/www.pcprogetti.it\/it\/prodotto\/modello-bo30-2cv-50p\/","og_locale":"it_IT","og_type":"article","og_title":"BO30-2CV\/50P - Think&#039; PC PROGETTI","og_description":"Banco prova orizzontale con serraggio combinato: tenuta radiale interna e serraggio a pressione. Il ponte di reazione mobile \u00e8 mosso da una colonna filettata che assicura la completa assenza di forze esterne sul corpo della valvola e un cilindro idraulico pu\u00f2 effettuare il serraggio a pressione con o senza controllo proporzionale.","og_url":"https:\/\/www.pcprogetti.it\/it\/prodotto\/modello-bo30-2cv-50p\/","og_site_name":"Think&#039; PC PROGETTI","article_modified_time":"2022-01-17T09:46:29+00:00","og_image":[{"width":1652,"height":1310,"url":"https:\/\/www.pcprogetti.it\/wp-content\/uploads\/MODEL-BO30-CV_50P-1.jpg","type":"image\/jpeg"}],"twitter_card":"summary_large_image","twitter_misc":{"Tempo di lettura stimato":"1 minuto"},"schema":{"@context":"https:\/\/schema.org","@graph":[{"@type":["WebPage","ItemPage"],"@id":"https:\/\/www.pcprogetti.it\/it\/prodotto\/modello-bo30-2cv-50p\/","url":"https:\/\/www.pcprogetti.it\/it\/prodotto\/modello-bo30-2cv-50p\/","name":"BO30-2CV\/50P - Think&#039; PC PROGETTI","isPartOf":{"@id":"https:\/\/www.pcprogetti.it\/it\/#website"},"primaryImageOfPage":{"@id":"https:\/\/www.pcprogetti.it\/it\/prodotto\/modello-bo30-2cv-50p\/#primaryimage"},"image":{"@id":"https:\/\/www.pcprogetti.it\/it\/prodotto\/modello-bo30-2cv-50p\/#primaryimage"},"thumbnailUrl":"https:\/\/www.pcprogetti.it\/wp-content\/uploads\/MODEL-BO30-CV_50P-1.jpg","datePublished":"2021-06-07T09:03:17+00:00","dateModified":"2022-01-17T09:46:29+00:00","description":"Banco prova orizzontale con serraggio combinato: tenuta radiale interna e serraggio a pressione. Il ponte di reazione mobile \u00e8 mosso da una colonna filettata che assicura la completa assenza di forze esterne sul corpo della valvola e un cilindro idraulico pu\u00f2 effettuare il serraggio a pressione con o senza controllo proporzionale.","breadcrumb":{"@id":"https:\/\/www.pcprogetti.it\/it\/prodotto\/modello-bo30-2cv-50p\/#breadcrumb"},"inLanguage":"it-IT","potentialAction":[{"@type":"ReadAction","target":["https:\/\/www.pcprogetti.it\/it\/prodotto\/modello-bo30-2cv-50p\/"]}]},{"@type":"ImageObject","inLanguage":"it-IT","@id":"https:\/\/www.pcprogetti.it\/it\/prodotto\/modello-bo30-2cv-50p\/#primaryimage","url":"https:\/\/www.pcprogetti.it\/wp-content\/uploads\/MODEL-BO30-CV_50P-1.jpg","contentUrl":"https:\/\/www.pcprogetti.it\/wp-content\/uploads\/MODEL-BO30-CV_50P-1.jpg","width":1652,"height":1310,"caption":"Banco prova orizzontale per valvole - BO30-2CV\/50P"},{"@type":"BreadcrumbList","@id":"https:\/\/www.pcprogetti.it\/it\/prodotto\/modello-bo30-2cv-50p\/#breadcrumb","itemListElement":[{"@type":"ListItem","position":1,"name":"Home","item":"https:\/\/www.pcprogetti.it\/it\/"},{"@type":"ListItem","position":2,"name":"Shop","item":"https:\/\/www.pcprogetti.it\/?page_id=4313"},{"@type":"ListItem","position":3,"name":"BO30-2CV\/50P"}]},{"@type":"WebSite","@id":"https:\/\/www.pcprogetti.it\/it\/#website","url":"https:\/\/www.pcprogetti.it\/it\/","name":"Think&#039; PC PROGETTI","description":"Banchi di prova per valvole e attuatori","publisher":{"@id":"https:\/\/www.pcprogetti.it\/it\/#organization"},"potentialAction":[{"@type":"SearchAction","target":{"@type":"EntryPoint","urlTemplate":"https:\/\/www.pcprogetti.it\/it\/?s={search_term_string}"},"query-input":{"@type":"PropertyValueSpecification","valueRequired":true,"valueName":"search_term_string"}}],"inLanguage":"it-IT"},{"@type":"Organization","@id":"https:\/\/www.pcprogetti.it\/it\/#organization","name":"think' PC PROGETTI S.r.l. a socio unico","url":"https:\/\/www.pcprogetti.it\/it\/","logo":{"@type":"ImageObject","inLanguage":"it-IT","@id":"https:\/\/www.pcprogetti.it\/it\/#\/schema\/logo\/image\/","url":"https:\/\/www.pcprogetti.it\/wp-content\/uploads\/think-pc-progetti_logo.png","contentUrl":"https:\/\/www.pcprogetti.it\/wp-content\/uploads\/think-pc-progetti_logo.png","width":1718,"height":132,"caption":"think' PC PROGETTI S.r.l. a socio unico"},"image":{"@id":"https:\/\/www.pcprogetti.it\/it\/#\/schema\/logo\/image\/"}}]}},"_links":{"self":[{"href":"https:\/\/www.pcprogetti.it\/it\/wp-json\/wp\/v3\/product\/319","targetHints":{"allow":["GET"]}}],"collection":[{"href":"https:\/\/www.pcprogetti.it\/it\/wp-json\/wp\/v3\/product"}],"about":[{"href":"https:\/\/www.pcprogetti.it\/it\/wp-json\/wp\/v2\/types\/product"}],"replies":[{"embeddable":true,"href":"https:\/\/www.pcprogetti.it\/it\/wp-json\/wp\/v2\/comments?post=319"}],"wp:featuredmedia":[{"embeddable":true,"href":"https:\/\/www.pcprogetti.it\/it\/wp-json\/wp\/v2\/media\/269"}],"wp:attachment":[{"href":"https:\/\/www.pcprogetti.it\/it\/wp-json\/wp\/v2\/media?parent=319"}],"wp:term":[{"taxonomy":"product_cat","embeddable":true,"href":"https:\/\/www.pcprogetti.it\/it\/wp-json\/wp\/v2\/product_cat?post=319"},{"taxonomy":"product_tag","embeddable":true,"href":"https:\/\/www.pcprogetti.it\/it\/wp-json\/wp\/v2\/product_tag?post=319"}],"curies":[{"name":"wp","href":"https:\/\/api.w.org\/{rel}","templated":true}]}}