{"id":6399,"date":"2022-05-13T16:51:57","date_gmt":"2022-05-13T14:51:58","guid":{"rendered":"https:\/\/www.pcprogetti.it\/?post_type=product&#038;p=6399"},"modified":"2022-05-13T17:16:36","modified_gmt":"2022-05-13T15:16:36","slug":"bo30-2cv-40shh","status":"publish","type":"product","link":"https:\/\/www.pcprogetti.it\/it\/prodotto\/bo30-2cv-40shh\/","title":{"rendered":"BO30-2CV\/40SHH"},"content":{"rendered":"<h3>SCHERMO DI PROTEZIONE CON DOPPIO ACCESSO LATERALE<br \/>\nSERRAGGIO RADIALE INTERNO (BORE PLUG) O COMBINATO<\/h3>\n<p>Banco prova valvole di controllo, appartenente alla famiglia dei banchi BO30-2CV\/SH. Una protezione antiproiettile e  certificata, permette di testare valvole aventi un&#8217;altezza massima di 2500 mm dagli assi di flusso.<br \/>\nIl banco \u00e8 disponibile fino a 100 TON di potenza di reazione.<br \/>\n\u00c8 disponibile il bloccaggio combinato: bore plugs o pressatura proporzionale.<br \/>\n\u00c8 dotato di misuratori di portata digitali per la misura del flusso di perdita di aria\/acqua e di un pannello comandi per controllare e testare gli attuatori delle valvole, inclusi i movimenti e le prestazioni. L&#8217;apertura della porta \u00e8 segue le regole di ispezione visiva (la pressione automatica viene ridotta prima dell&#8217;ispezione) e dalle normali procedure di scarico della pressione. Nel basamento, un serbatoio d&#8217;acqua \u00e8 installato come riserva per le procedure di prova. Il processo di test \u00e8 controllato da un PLC elettronico e da uno schermo LCD touch, insieme a un software di certificazione TestREC, che \u00e8 completamente interconnesso alla rete LAN aziendale.\u00c8 garantita uan configurazione LAN completa e raccolta dati<br \/>\nIl software AUTO\/MAN a doppio controllo \u00e8 previsto per dare la massima flessibilit\u00e0 agli operatori.<br \/>\nIl banco pu\u00f2 essere completato con diversi optional e accessori, contatta il nostro ufficio vendite per avere maggiori informazioni.<\/p>\n<p><span style=\"font-size:18px\">*Viene descritta la versione standard. I banchi prova possono essere personalizzati in qualsiasi aspetto tecnico secondo le preferenze del cliente.(In attesa di brevetto)<\/span><\/p>\n","protected":false},"excerpt":{"rendered":"<p>Banco prova valvole di controllo, appartenente alla famiglia dei banchi BO30-2CV\/SH. Una protezione antiproiettile e  certificata, permette di testare valvole aventi un&#8217;altezza massima di 2500 mm dagli assi di flusso.<br \/>\nIl banco \u00e8 disponibile fino a 100 TON di potenza di reazione.<br \/>\n\u00c8 disponibile il bloccaggio combinato: bore plugs o pressatura proporzionale.<\/p>\n","protected":false},"featured_media":6401,"comment_status":"open","ping_status":"closed","template":"","meta":{"_et_pb_use_builder":"","_et_pb_old_content":"","_et_gb_content_width":""},"product_cat":[34],"product_tag":[],"class_list":["post-6399","product","type-product","status-publish","has-post-thumbnail","hentry","product_cat-orizzontali-con-disposizione-delle-colonne-di-reazione-a-30"],"yoast_head":"<!-- This site is optimized with the Yoast SEO plugin v27.4 - https:\/\/yoast.com\/product\/yoast-seo-wordpress\/ -->\n<title>BO30-2CV\/40SHH - Think&#039; PC PROGETTI<\/title>\n<meta name=\"description\" content=\"Banco prova valvole di controllo, appartenente alla famiglia dei banchi BO30-2CV\/SH. Una protezione antiproiettile e certificata, permette di testare valvole aventi un&#039;altezza massima di 2500 mm dagli assi di flusso. Il banco \u00e8 disponibile fino a 100 TON di potenza di reazione. \u00c8 disponibile il bloccaggio combinato: bore plugs o pressatura proporzionale.\" \/>\n<meta name=\"robots\" content=\"index, follow, max-snippet:-1, max-image-preview:large, max-video-preview:-1\" \/>\n<link rel=\"canonical\" href=\"https:\/\/www.pcprogetti.it\/it\/prodotto\/bo30-2cv-40shh\/\" \/>\n<meta property=\"og:locale\" content=\"it_IT\" \/>\n<meta property=\"og:type\" content=\"article\" \/>\n<meta property=\"og:title\" content=\"BO30-2CV\/40SHH - Think&#039; PC PROGETTI\" \/>\n<meta property=\"og:description\" content=\"Banco prova valvole di controllo, appartenente alla famiglia dei banchi BO30-2CV\/SH. Una protezione antiproiettile e certificata, permette di testare valvole aventi un&#039;altezza massima di 2500 mm dagli assi di flusso. Il banco \u00e8 disponibile fino a 100 TON di potenza di reazione. \u00c8 disponibile il bloccaggio combinato: bore plugs o pressatura proporzionale.\" \/>\n<meta property=\"og:url\" content=\"https:\/\/www.pcprogetti.it\/it\/prodotto\/bo30-2cv-40shh\/\" \/>\n<meta property=\"og:site_name\" content=\"Think&#039; PC PROGETTI\" \/>\n<meta property=\"article:modified_time\" content=\"2022-05-13T15:16:36+00:00\" \/>\n<meta property=\"og:image\" content=\"https:\/\/www.pcprogetti.it\/wp-content\/uploads\/BO30-2CV40SH.png\" \/>\n\t<meta property=\"og:image:width\" content=\"1920\" \/>\n\t<meta property=\"og:image:height\" content=\"1339\" \/>\n\t<meta property=\"og:image:type\" content=\"image\/png\" \/>\n<meta name=\"twitter:card\" content=\"summary_large_image\" \/>\n<meta name=\"twitter:label1\" content=\"Tempo di lettura stimato\" \/>\n\t<meta name=\"twitter:data1\" content=\"1 minuto\" \/>\n<script type=\"application\/ld+json\" class=\"yoast-schema-graph\">{\"@context\":\"https:\\\/\\\/schema.org\",\"@graph\":[{\"@type\":[\"WebPage\",\"ItemPage\"],\"@id\":\"https:\\\/\\\/www.pcprogetti.it\\\/it\\\/prodotto\\\/bo30-2cv-40shh\\\/\",\"url\":\"https:\\\/\\\/www.pcprogetti.it\\\/it\\\/prodotto\\\/bo30-2cv-40shh\\\/\",\"name\":\"BO30-2CV\\\/40SHH - Think&#039; PC PROGETTI\",\"isPartOf\":{\"@id\":\"https:\\\/\\\/www.pcprogetti.it\\\/it\\\/#website\"},\"primaryImageOfPage\":{\"@id\":\"https:\\\/\\\/www.pcprogetti.it\\\/it\\\/prodotto\\\/bo30-2cv-40shh\\\/#primaryimage\"},\"image\":{\"@id\":\"https:\\\/\\\/www.pcprogetti.it\\\/it\\\/prodotto\\\/bo30-2cv-40shh\\\/#primaryimage\"},\"thumbnailUrl\":\"https:\\\/\\\/www.pcprogetti.it\\\/wp-content\\\/uploads\\\/BO30-2CV40SH.png\",\"datePublished\":\"2022-05-13T14:51:58+00:00\",\"dateModified\":\"2022-05-13T15:16:36+00:00\",\"description\":\"Banco prova valvole di controllo, appartenente alla famiglia dei banchi BO30-2CV\\\/SH. Una protezione antiproiettile e certificata, permette di testare valvole aventi un'altezza massima di 2500 mm dagli assi di flusso. Il banco \u00e8 disponibile fino a 100 TON di potenza di reazione. \u00c8 disponibile il bloccaggio combinato: bore plugs o pressatura proporzionale.\",\"breadcrumb\":{\"@id\":\"https:\\\/\\\/www.pcprogetti.it\\\/it\\\/prodotto\\\/bo30-2cv-40shh\\\/#breadcrumb\"},\"inLanguage\":\"it-IT\",\"potentialAction\":[{\"@type\":\"ReadAction\",\"target\":[\"https:\\\/\\\/www.pcprogetti.it\\\/it\\\/prodotto\\\/bo30-2cv-40shh\\\/\"]}]},{\"@type\":\"ImageObject\",\"inLanguage\":\"it-IT\",\"@id\":\"https:\\\/\\\/www.pcprogetti.it\\\/it\\\/prodotto\\\/bo30-2cv-40shh\\\/#primaryimage\",\"url\":\"https:\\\/\\\/www.pcprogetti.it\\\/wp-content\\\/uploads\\\/BO30-2CV40SH.png\",\"contentUrl\":\"https:\\\/\\\/www.pcprogetti.it\\\/wp-content\\\/uploads\\\/BO30-2CV40SH.png\",\"width\":1920,\"height\":1339},{\"@type\":\"BreadcrumbList\",\"@id\":\"https:\\\/\\\/www.pcprogetti.it\\\/it\\\/prodotto\\\/bo30-2cv-40shh\\\/#breadcrumb\",\"itemListElement\":[{\"@type\":\"ListItem\",\"position\":1,\"name\":\"Home\",\"item\":\"https:\\\/\\\/www.pcprogetti.it\\\/it\\\/\"},{\"@type\":\"ListItem\",\"position\":2,\"name\":\"Shop\",\"item\":\"https:\\\/\\\/www.pcprogetti.it\\\/?page_id=4313\"},{\"@type\":\"ListItem\",\"position\":3,\"name\":\"BO30-2CV\\\/40SHH\"}]},{\"@type\":\"WebSite\",\"@id\":\"https:\\\/\\\/www.pcprogetti.it\\\/it\\\/#website\",\"url\":\"https:\\\/\\\/www.pcprogetti.it\\\/it\\\/\",\"name\":\"Think&#039; PC PROGETTI\",\"description\":\"Banchi di prova per valvole e attuatori\",\"publisher\":{\"@id\":\"https:\\\/\\\/www.pcprogetti.it\\\/it\\\/#organization\"},\"potentialAction\":[{\"@type\":\"SearchAction\",\"target\":{\"@type\":\"EntryPoint\",\"urlTemplate\":\"https:\\\/\\\/www.pcprogetti.it\\\/it\\\/?s={search_term_string}\"},\"query-input\":{\"@type\":\"PropertyValueSpecification\",\"valueRequired\":true,\"valueName\":\"search_term_string\"}}],\"inLanguage\":\"it-IT\"},{\"@type\":\"Organization\",\"@id\":\"https:\\\/\\\/www.pcprogetti.it\\\/it\\\/#organization\",\"name\":\"think' PC PROGETTI S.r.l. a socio unico\",\"url\":\"https:\\\/\\\/www.pcprogetti.it\\\/it\\\/\",\"logo\":{\"@type\":\"ImageObject\",\"inLanguage\":\"it-IT\",\"@id\":\"https:\\\/\\\/www.pcprogetti.it\\\/it\\\/#\\\/schema\\\/logo\\\/image\\\/\",\"url\":\"https:\\\/\\\/www.pcprogetti.it\\\/wp-content\\\/uploads\\\/think-pc-progetti_logo.png\",\"contentUrl\":\"https:\\\/\\\/www.pcprogetti.it\\\/wp-content\\\/uploads\\\/think-pc-progetti_logo.png\",\"width\":1718,\"height\":132,\"caption\":\"think' PC PROGETTI S.r.l. a socio unico\"},\"image\":{\"@id\":\"https:\\\/\\\/www.pcprogetti.it\\\/it\\\/#\\\/schema\\\/logo\\\/image\\\/\"}}]}<\/script>\n<!-- \/ Yoast SEO plugin. -->","yoast_head_json":{"title":"BO30-2CV\/40SHH - Think&#039; PC PROGETTI","description":"Banco prova valvole di controllo, appartenente alla famiglia dei banchi BO30-2CV\/SH. Una protezione antiproiettile e certificata, permette di testare valvole aventi un'altezza massima di 2500 mm dagli assi di flusso. Il banco \u00e8 disponibile fino a 100 TON di potenza di reazione. \u00c8 disponibile il bloccaggio combinato: bore plugs o pressatura proporzionale.","robots":{"index":"index","follow":"follow","max-snippet":"max-snippet:-1","max-image-preview":"max-image-preview:large","max-video-preview":"max-video-preview:-1"},"canonical":"https:\/\/www.pcprogetti.it\/it\/prodotto\/bo30-2cv-40shh\/","og_locale":"it_IT","og_type":"article","og_title":"BO30-2CV\/40SHH - Think&#039; PC PROGETTI","og_description":"Banco prova valvole di controllo, appartenente alla famiglia dei banchi BO30-2CV\/SH. Una protezione antiproiettile e certificata, permette di testare valvole aventi un'altezza massima di 2500 mm dagli assi di flusso. Il banco \u00e8 disponibile fino a 100 TON di potenza di reazione. \u00c8 disponibile il bloccaggio combinato: bore plugs o pressatura proporzionale.","og_url":"https:\/\/www.pcprogetti.it\/it\/prodotto\/bo30-2cv-40shh\/","og_site_name":"Think&#039; PC PROGETTI","article_modified_time":"2022-05-13T15:16:36+00:00","og_image":[{"width":1920,"height":1339,"url":"https:\/\/www.pcprogetti.it\/wp-content\/uploads\/BO30-2CV40SH.png","type":"image\/png"}],"twitter_card":"summary_large_image","twitter_misc":{"Tempo di lettura stimato":"1 minuto"},"schema":{"@context":"https:\/\/schema.org","@graph":[{"@type":["WebPage","ItemPage"],"@id":"https:\/\/www.pcprogetti.it\/it\/prodotto\/bo30-2cv-40shh\/","url":"https:\/\/www.pcprogetti.it\/it\/prodotto\/bo30-2cv-40shh\/","name":"BO30-2CV\/40SHH - Think&#039; PC PROGETTI","isPartOf":{"@id":"https:\/\/www.pcprogetti.it\/it\/#website"},"primaryImageOfPage":{"@id":"https:\/\/www.pcprogetti.it\/it\/prodotto\/bo30-2cv-40shh\/#primaryimage"},"image":{"@id":"https:\/\/www.pcprogetti.it\/it\/prodotto\/bo30-2cv-40shh\/#primaryimage"},"thumbnailUrl":"https:\/\/www.pcprogetti.it\/wp-content\/uploads\/BO30-2CV40SH.png","datePublished":"2022-05-13T14:51:58+00:00","dateModified":"2022-05-13T15:16:36+00:00","description":"Banco prova valvole di controllo, appartenente alla famiglia dei banchi BO30-2CV\/SH. Una protezione antiproiettile e certificata, permette di testare valvole aventi un'altezza massima di 2500 mm dagli assi di flusso. Il banco \u00e8 disponibile fino a 100 TON di potenza di reazione. \u00c8 disponibile il bloccaggio combinato: bore plugs o pressatura proporzionale.","breadcrumb":{"@id":"https:\/\/www.pcprogetti.it\/it\/prodotto\/bo30-2cv-40shh\/#breadcrumb"},"inLanguage":"it-IT","potentialAction":[{"@type":"ReadAction","target":["https:\/\/www.pcprogetti.it\/it\/prodotto\/bo30-2cv-40shh\/"]}]},{"@type":"ImageObject","inLanguage":"it-IT","@id":"https:\/\/www.pcprogetti.it\/it\/prodotto\/bo30-2cv-40shh\/#primaryimage","url":"https:\/\/www.pcprogetti.it\/wp-content\/uploads\/BO30-2CV40SH.png","contentUrl":"https:\/\/www.pcprogetti.it\/wp-content\/uploads\/BO30-2CV40SH.png","width":1920,"height":1339},{"@type":"BreadcrumbList","@id":"https:\/\/www.pcprogetti.it\/it\/prodotto\/bo30-2cv-40shh\/#breadcrumb","itemListElement":[{"@type":"ListItem","position":1,"name":"Home","item":"https:\/\/www.pcprogetti.it\/it\/"},{"@type":"ListItem","position":2,"name":"Shop","item":"https:\/\/www.pcprogetti.it\/?page_id=4313"},{"@type":"ListItem","position":3,"name":"BO30-2CV\/40SHH"}]},{"@type":"WebSite","@id":"https:\/\/www.pcprogetti.it\/it\/#website","url":"https:\/\/www.pcprogetti.it\/it\/","name":"Think&#039; PC PROGETTI","description":"Banchi di prova per valvole e attuatori","publisher":{"@id":"https:\/\/www.pcprogetti.it\/it\/#organization"},"potentialAction":[{"@type":"SearchAction","target":{"@type":"EntryPoint","urlTemplate":"https:\/\/www.pcprogetti.it\/it\/?s={search_term_string}"},"query-input":{"@type":"PropertyValueSpecification","valueRequired":true,"valueName":"search_term_string"}}],"inLanguage":"it-IT"},{"@type":"Organization","@id":"https:\/\/www.pcprogetti.it\/it\/#organization","name":"think' PC PROGETTI S.r.l. a socio unico","url":"https:\/\/www.pcprogetti.it\/it\/","logo":{"@type":"ImageObject","inLanguage":"it-IT","@id":"https:\/\/www.pcprogetti.it\/it\/#\/schema\/logo\/image\/","url":"https:\/\/www.pcprogetti.it\/wp-content\/uploads\/think-pc-progetti_logo.png","contentUrl":"https:\/\/www.pcprogetti.it\/wp-content\/uploads\/think-pc-progetti_logo.png","width":1718,"height":132,"caption":"think' PC PROGETTI S.r.l. a socio unico"},"image":{"@id":"https:\/\/www.pcprogetti.it\/it\/#\/schema\/logo\/image\/"}}]}},"_links":{"self":[{"href":"https:\/\/www.pcprogetti.it\/it\/wp-json\/wp\/v3\/product\/6399","targetHints":{"allow":["GET"]}}],"collection":[{"href":"https:\/\/www.pcprogetti.it\/it\/wp-json\/wp\/v3\/product"}],"about":[{"href":"https:\/\/www.pcprogetti.it\/it\/wp-json\/wp\/v2\/types\/product"}],"replies":[{"embeddable":true,"href":"https:\/\/www.pcprogetti.it\/it\/wp-json\/wp\/v2\/comments?post=6399"}],"wp:featuredmedia":[{"embeddable":true,"href":"https:\/\/www.pcprogetti.it\/it\/wp-json\/wp\/v2\/media\/6401"}],"wp:attachment":[{"href":"https:\/\/www.pcprogetti.it\/it\/wp-json\/wp\/v2\/media?parent=6399"}],"wp:term":[{"taxonomy":"product_cat","embeddable":true,"href":"https:\/\/www.pcprogetti.it\/it\/wp-json\/wp\/v2\/product_cat?post=6399"},{"taxonomy":"product_tag","embeddable":true,"href":"https:\/\/www.pcprogetti.it\/it\/wp-json\/wp\/v2\/product_tag?post=6399"}],"curies":[{"name":"wp","href":"https:\/\/api.w.org\/{rel}","templated":true}]}}