{"id":8417,"date":"2024-04-10T16:04:36","date_gmt":"2024-04-10T14:04:37","guid":{"rendered":"https:\/\/www.pcprogetti.it\/?post_type=product&#038;p=8417"},"modified":"2024-04-10T17:45:13","modified_gmt":"2024-04-10T15:45:13","slug":"bo30-2cv-700","status":"publish","type":"product","link":"https:\/\/www.pcprogetti.it\/it\/prodotto\/bo30-2cv-700\/","title":{"rendered":"BO30-2CV\/700"},"content":{"rendered":"<h3 id=\"tw-target-text\" class=\"tw-data-text tw-text-large tw-ta\" dir=\"ltr\" data-placeholder=\"Traduzione\" aria-label=\"Testo tradotto\" data-ved=\"2ahUKEwjlzrC09reFAxVfgP0HHZBDC8wQ3ewLegQIBRAU\"><span class=\"Y2IQFc\" lang=\"it\" tabindex=\"-1\">COLONNE DOPPIE FILETTATE, TENUTA RADIALE INTERNA (BORE PLUGS)<\/span><\/h3>\n<p id=\"tw-target-text\" class=\"tw-data-text tw-text-large tw-ta\" dir=\"ltr\" style=\"text-align: justify;\" data-placeholder=\"Traduzione\" aria-label=\"Testo tradotto\" data-ved=\"2ahUKEwjlzrC09reFAxVfgP0HHZBDC8wQ3ewLegQIBRAU\"><span class=\"Y2IQFc\" lang=\"it\" tabindex=\"-1\">Banco prova orizzontale con serraggio radiale interno. Il ponte mobile di reazione \u00e8 movimentato da due colonne filettate che assicurano la completa assenza di forze esterne sul corpo valvola. Questa prerogativa lo rende conforme ai pi\u00f9 diffusi standard di prova internazionali. Inoltre, l&#8217;altezza di carico verticale \u00e8 ridotta. Nel basamento \u00e8 installato un serbatoio dell&#8217;acqua per le procedure di prova. Il banco prova \u00e8 controllato da uno skid di pressurizzazione di classe SKM o SKA; per avere maggiori informazioni a riguardo consultare le schede tecniche dedicate. Il banco pu\u00f2 essere completato con diverse opzioni ed accessori, contattate il nostro ufficio commerciale per avere maggiori informazioni.<\/span><\/p>\n<p style=\"text-align: justify;\"><span style=\"font-size: 18px;\">*Viene descritta la versione standard. I banchi prova possono essere personalizzati in qualsiasi aspetto tecnico secondo le preferenze del cliente.(In attesa di brevetto)<\/span><\/p>\n","protected":false},"excerpt":{"rendered":"<p><span class=\"Y2IQFc\" lang=\"it\" tabindex=\"-1\">Banco prova orizzontale con serraggio radiale interno. Il ponte mobile di reazione \u00e8 movimentato da due colonne filettate che assicurano la completa assenza di forze esterne sul corpo valvola.<\/span><\/p>\n","protected":false},"featured_media":8425,"comment_status":"closed","ping_status":"closed","template":"","meta":{"_et_pb_use_builder":"","_et_pb_old_content":"","_et_gb_content_width":""},"product_cat":[34],"product_tag":[],"class_list":["post-8417","product","type-product","status-publish","has-post-thumbnail","hentry","product_cat-orizzontali-con-disposizione-delle-colonne-di-reazione-a-30"],"yoast_head":"<!-- This site is optimized with the Yoast SEO plugin v27.4 - https:\/\/yoast.com\/product\/yoast-seo-wordpress\/ -->\n<title>BO30-2CV\/700 - Think&#039; PC PROGETTI<\/title>\n<meta name=\"description\" content=\"horizontal test benches\" \/>\n<meta name=\"robots\" content=\"index, follow, max-snippet:-1, max-image-preview:large, max-video-preview:-1\" \/>\n<link rel=\"canonical\" href=\"https:\/\/www.pcprogetti.it\/it\/prodotto\/bo30-2cv-700\/\" \/>\n<meta property=\"og:locale\" content=\"it_IT\" \/>\n<meta property=\"og:type\" content=\"article\" \/>\n<meta property=\"og:title\" content=\"BO30-2CV\/700 - Think&#039; PC PROGETTI\" \/>\n<meta property=\"og:description\" content=\"horizontal test benches\" \/>\n<meta property=\"og:url\" content=\"https:\/\/www.pcprogetti.it\/it\/prodotto\/bo30-2cv-700\/\" \/>\n<meta property=\"og:site_name\" content=\"Think&#039; PC PROGETTI\" \/>\n<meta property=\"article:modified_time\" content=\"2024-04-10T15:45:13+00:00\" \/>\n<meta property=\"og:image\" content=\"https:\/\/www.pcprogetti.it\/wp-content\/uploads\/bo30-2cv-700-1.jpg\" \/>\n\t<meta property=\"og:image:width\" content=\"1744\" \/>\n\t<meta property=\"og:image:height\" content=\"1223\" \/>\n\t<meta property=\"og:image:type\" content=\"image\/jpeg\" \/>\n<meta name=\"twitter:card\" content=\"summary_large_image\" \/>\n<meta name=\"twitter:label1\" content=\"Tempo di lettura stimato\" \/>\n\t<meta name=\"twitter:data1\" content=\"1 minuto\" \/>\n<script type=\"application\/ld+json\" class=\"yoast-schema-graph\">{\"@context\":\"https:\\\/\\\/schema.org\",\"@graph\":[{\"@type\":[\"WebPage\",\"ItemPage\"],\"@id\":\"https:\\\/\\\/www.pcprogetti.it\\\/it\\\/prodotto\\\/bo30-2cv-700\\\/\",\"url\":\"https:\\\/\\\/www.pcprogetti.it\\\/it\\\/prodotto\\\/bo30-2cv-700\\\/\",\"name\":\"BO30-2CV\\\/700 - Think&#039; PC PROGETTI\",\"isPartOf\":{\"@id\":\"https:\\\/\\\/www.pcprogetti.it\\\/it\\\/#website\"},\"primaryImageOfPage\":{\"@id\":\"https:\\\/\\\/www.pcprogetti.it\\\/it\\\/prodotto\\\/bo30-2cv-700\\\/#primaryimage\"},\"image\":{\"@id\":\"https:\\\/\\\/www.pcprogetti.it\\\/it\\\/prodotto\\\/bo30-2cv-700\\\/#primaryimage\"},\"thumbnailUrl\":\"https:\\\/\\\/www.pcprogetti.it\\\/wp-content\\\/uploads\\\/bo30-2cv-700-1.jpg\",\"datePublished\":\"2024-04-10T14:04:37+00:00\",\"dateModified\":\"2024-04-10T15:45:13+00:00\",\"description\":\"horizontal test benches\",\"breadcrumb\":{\"@id\":\"https:\\\/\\\/www.pcprogetti.it\\\/it\\\/prodotto\\\/bo30-2cv-700\\\/#breadcrumb\"},\"inLanguage\":\"it-IT\",\"potentialAction\":[{\"@type\":\"ReadAction\",\"target\":[\"https:\\\/\\\/www.pcprogetti.it\\\/it\\\/prodotto\\\/bo30-2cv-700\\\/\"]}]},{\"@type\":\"ImageObject\",\"inLanguage\":\"it-IT\",\"@id\":\"https:\\\/\\\/www.pcprogetti.it\\\/it\\\/prodotto\\\/bo30-2cv-700\\\/#primaryimage\",\"url\":\"https:\\\/\\\/www.pcprogetti.it\\\/wp-content\\\/uploads\\\/bo30-2cv-700-1.jpg\",\"contentUrl\":\"https:\\\/\\\/www.pcprogetti.it\\\/wp-content\\\/uploads\\\/bo30-2cv-700-1.jpg\",\"width\":1744,\"height\":1223},{\"@type\":\"BreadcrumbList\",\"@id\":\"https:\\\/\\\/www.pcprogetti.it\\\/it\\\/prodotto\\\/bo30-2cv-700\\\/#breadcrumb\",\"itemListElement\":[{\"@type\":\"ListItem\",\"position\":1,\"name\":\"Home\",\"item\":\"https:\\\/\\\/www.pcprogetti.it\\\/it\\\/\"},{\"@type\":\"ListItem\",\"position\":2,\"name\":\"Shop\",\"item\":\"https:\\\/\\\/www.pcprogetti.it\\\/?page_id=4313\"},{\"@type\":\"ListItem\",\"position\":3,\"name\":\"BO30-2CV\\\/700\"}]},{\"@type\":\"WebSite\",\"@id\":\"https:\\\/\\\/www.pcprogetti.it\\\/it\\\/#website\",\"url\":\"https:\\\/\\\/www.pcprogetti.it\\\/it\\\/\",\"name\":\"Think&#039; PC PROGETTI\",\"description\":\"Banchi di prova per valvole e attuatori\",\"publisher\":{\"@id\":\"https:\\\/\\\/www.pcprogetti.it\\\/it\\\/#organization\"},\"potentialAction\":[{\"@type\":\"SearchAction\",\"target\":{\"@type\":\"EntryPoint\",\"urlTemplate\":\"https:\\\/\\\/www.pcprogetti.it\\\/it\\\/?s={search_term_string}\"},\"query-input\":{\"@type\":\"PropertyValueSpecification\",\"valueRequired\":true,\"valueName\":\"search_term_string\"}}],\"inLanguage\":\"it-IT\"},{\"@type\":\"Organization\",\"@id\":\"https:\\\/\\\/www.pcprogetti.it\\\/it\\\/#organization\",\"name\":\"think' PC PROGETTI S.r.l. a socio unico\",\"url\":\"https:\\\/\\\/www.pcprogetti.it\\\/it\\\/\",\"logo\":{\"@type\":\"ImageObject\",\"inLanguage\":\"it-IT\",\"@id\":\"https:\\\/\\\/www.pcprogetti.it\\\/it\\\/#\\\/schema\\\/logo\\\/image\\\/\",\"url\":\"https:\\\/\\\/www.pcprogetti.it\\\/wp-content\\\/uploads\\\/think-pc-progetti_logo.png\",\"contentUrl\":\"https:\\\/\\\/www.pcprogetti.it\\\/wp-content\\\/uploads\\\/think-pc-progetti_logo.png\",\"width\":1718,\"height\":132,\"caption\":\"think' PC PROGETTI S.r.l. a socio unico\"},\"image\":{\"@id\":\"https:\\\/\\\/www.pcprogetti.it\\\/it\\\/#\\\/schema\\\/logo\\\/image\\\/\"}}]}<\/script>\n<!-- \/ Yoast SEO plugin. -->","yoast_head_json":{"title":"BO30-2CV\/700 - Think&#039; PC PROGETTI","description":"horizontal test benches","robots":{"index":"index","follow":"follow","max-snippet":"max-snippet:-1","max-image-preview":"max-image-preview:large","max-video-preview":"max-video-preview:-1"},"canonical":"https:\/\/www.pcprogetti.it\/it\/prodotto\/bo30-2cv-700\/","og_locale":"it_IT","og_type":"article","og_title":"BO30-2CV\/700 - Think&#039; PC PROGETTI","og_description":"horizontal test benches","og_url":"https:\/\/www.pcprogetti.it\/it\/prodotto\/bo30-2cv-700\/","og_site_name":"Think&#039; PC PROGETTI","article_modified_time":"2024-04-10T15:45:13+00:00","og_image":[{"width":1744,"height":1223,"url":"https:\/\/www.pcprogetti.it\/wp-content\/uploads\/bo30-2cv-700-1.jpg","type":"image\/jpeg"}],"twitter_card":"summary_large_image","twitter_misc":{"Tempo di lettura stimato":"1 minuto"},"schema":{"@context":"https:\/\/schema.org","@graph":[{"@type":["WebPage","ItemPage"],"@id":"https:\/\/www.pcprogetti.it\/it\/prodotto\/bo30-2cv-700\/","url":"https:\/\/www.pcprogetti.it\/it\/prodotto\/bo30-2cv-700\/","name":"BO30-2CV\/700 - Think&#039; PC PROGETTI","isPartOf":{"@id":"https:\/\/www.pcprogetti.it\/it\/#website"},"primaryImageOfPage":{"@id":"https:\/\/www.pcprogetti.it\/it\/prodotto\/bo30-2cv-700\/#primaryimage"},"image":{"@id":"https:\/\/www.pcprogetti.it\/it\/prodotto\/bo30-2cv-700\/#primaryimage"},"thumbnailUrl":"https:\/\/www.pcprogetti.it\/wp-content\/uploads\/bo30-2cv-700-1.jpg","datePublished":"2024-04-10T14:04:37+00:00","dateModified":"2024-04-10T15:45:13+00:00","description":"horizontal test benches","breadcrumb":{"@id":"https:\/\/www.pcprogetti.it\/it\/prodotto\/bo30-2cv-700\/#breadcrumb"},"inLanguage":"it-IT","potentialAction":[{"@type":"ReadAction","target":["https:\/\/www.pcprogetti.it\/it\/prodotto\/bo30-2cv-700\/"]}]},{"@type":"ImageObject","inLanguage":"it-IT","@id":"https:\/\/www.pcprogetti.it\/it\/prodotto\/bo30-2cv-700\/#primaryimage","url":"https:\/\/www.pcprogetti.it\/wp-content\/uploads\/bo30-2cv-700-1.jpg","contentUrl":"https:\/\/www.pcprogetti.it\/wp-content\/uploads\/bo30-2cv-700-1.jpg","width":1744,"height":1223},{"@type":"BreadcrumbList","@id":"https:\/\/www.pcprogetti.it\/it\/prodotto\/bo30-2cv-700\/#breadcrumb","itemListElement":[{"@type":"ListItem","position":1,"name":"Home","item":"https:\/\/www.pcprogetti.it\/it\/"},{"@type":"ListItem","position":2,"name":"Shop","item":"https:\/\/www.pcprogetti.it\/?page_id=4313"},{"@type":"ListItem","position":3,"name":"BO30-2CV\/700"}]},{"@type":"WebSite","@id":"https:\/\/www.pcprogetti.it\/it\/#website","url":"https:\/\/www.pcprogetti.it\/it\/","name":"Think&#039; PC PROGETTI","description":"Banchi di prova per valvole e attuatori","publisher":{"@id":"https:\/\/www.pcprogetti.it\/it\/#organization"},"potentialAction":[{"@type":"SearchAction","target":{"@type":"EntryPoint","urlTemplate":"https:\/\/www.pcprogetti.it\/it\/?s={search_term_string}"},"query-input":{"@type":"PropertyValueSpecification","valueRequired":true,"valueName":"search_term_string"}}],"inLanguage":"it-IT"},{"@type":"Organization","@id":"https:\/\/www.pcprogetti.it\/it\/#organization","name":"think' PC PROGETTI S.r.l. a socio unico","url":"https:\/\/www.pcprogetti.it\/it\/","logo":{"@type":"ImageObject","inLanguage":"it-IT","@id":"https:\/\/www.pcprogetti.it\/it\/#\/schema\/logo\/image\/","url":"https:\/\/www.pcprogetti.it\/wp-content\/uploads\/think-pc-progetti_logo.png","contentUrl":"https:\/\/www.pcprogetti.it\/wp-content\/uploads\/think-pc-progetti_logo.png","width":1718,"height":132,"caption":"think' PC PROGETTI S.r.l. a socio unico"},"image":{"@id":"https:\/\/www.pcprogetti.it\/it\/#\/schema\/logo\/image\/"}}]}},"_links":{"self":[{"href":"https:\/\/www.pcprogetti.it\/it\/wp-json\/wp\/v3\/product\/8417","targetHints":{"allow":["GET"]}}],"collection":[{"href":"https:\/\/www.pcprogetti.it\/it\/wp-json\/wp\/v3\/product"}],"about":[{"href":"https:\/\/www.pcprogetti.it\/it\/wp-json\/wp\/v2\/types\/product"}],"replies":[{"embeddable":true,"href":"https:\/\/www.pcprogetti.it\/it\/wp-json\/wp\/v2\/comments?post=8417"}],"wp:featuredmedia":[{"embeddable":true,"href":"https:\/\/www.pcprogetti.it\/it\/wp-json\/wp\/v2\/media\/8425"}],"wp:attachment":[{"href":"https:\/\/www.pcprogetti.it\/it\/wp-json\/wp\/v2\/media?parent=8417"}],"wp:term":[{"taxonomy":"product_cat","embeddable":true,"href":"https:\/\/www.pcprogetti.it\/it\/wp-json\/wp\/v2\/product_cat?post=8417"},{"taxonomy":"product_tag","embeddable":true,"href":"https:\/\/www.pcprogetti.it\/it\/wp-json\/wp\/v2\/product_tag?post=8417"}],"curies":[{"name":"wp","href":"https:\/\/api.w.org\/{rel}","templated":true}]}}