{"id":8529,"date":"2024-04-23T10:09:31","date_gmt":"2024-04-23T08:09:32","guid":{"rendered":"https:\/\/www.pcprogetti.it\/?post_type=product&#038;p=8529"},"modified":"2024-04-23T13:28:46","modified_gmt":"2024-04-23T11:28:46","slug":"bv-pmc-250","status":"publish","type":"product","link":"https:\/\/www.pcprogetti.it\/it\/prodotto\/bv-pmc-250\/","title":{"rendered":"BV-PMC\/250"},"content":{"rendered":"<h3>Ponte mobile<br \/>\nSerraggio proporzionale<\/h3>\n<p style=\"text-align: justify;\">Banco prova verticale con serraggio proporzionale; la forza di reazione viene controllata automaticamente in base alla pressione dell&#8217;acqua all&#8217;interno delle valvole e il carico risultante viene ridotto ai minimi termini. Il ponte laterale superiore mobile consente il caricamento verticale delle valvole e la possibilit\u00e0 di avere doppie postazioni di lavoro; mentre il primo \u00e8 in funzione, il secondo potrebbe essere predisposto per le valvole successive. Nel basamento c&#8217;\u00e8 un serbatoio per l&#8217;acqua e come optional \u00e8 possibile aggiungerne un altro esterno. Il banco prova \u00e8 controllato da uno skid di pressurizzazione SKA-100; per avere maggiori informazioni a riguardo consultare le schede tecniche dedicate. Il banco pu\u00f2 essere completato con diverse opzioni ed accessori, contattate il nostro ufficio commerciale per avere maggiori informazioni.<\/p>\n<p><span style=\"font-size: 18px;\">*Viene descritta la versione standard. I banchi prova possono essere personalizzati in qualsiasi aspetto tecnico secondo le preferenze del cliente.(In attesa di brevetto)<\/span><\/p>\n","protected":false},"excerpt":{"rendered":"<p>Banco prova verticale con serraggio proporzionale; la forza di reazione viene controllata automaticamente in base alla pressione dell&#8217;acqua all&#8217;interno delle valvole e il carico risultante viene ridotto ai minimi termini. Il ponte laterale superiore mobile consente il caricamento verticale delle valvole e la possibilit\u00e0 di avere doppie postazioni di lavoro; mentre il primo \u00e8 in funzione, il secondo potrebbe essere predisposto per le valvole successive.<\/p>\n","protected":false},"featured_media":8531,"comment_status":"closed","ping_status":"closed","template":"","meta":{"_et_pb_use_builder":"","_et_pb_old_content":"","_et_gb_content_width":""},"product_cat":[41],"product_tag":[],"class_list":["post-8529","product","type-product","status-publish","has-post-thumbnail","hentry","product_cat-verticali"],"yoast_head":"<!-- This site is optimized with the Yoast SEO plugin v25.2 - https:\/\/yoast.com\/wordpress\/plugins\/seo\/ -->\n<title>BV-PMC\/250 - Think&#039; PC PROGETTI<\/title>\n<meta name=\"description\" content=\"Banco prova verticale con serraggio proporzionale; la forza di reazione viene controllata automaticamente in base alla pressione dell&#039;acqua all&#039;interno delle valvole e il carico risultante viene ridotto ai minimi termini.\" \/>\n<meta name=\"robots\" content=\"index, follow, max-snippet:-1, max-image-preview:large, max-video-preview:-1\" \/>\n<link rel=\"canonical\" href=\"https:\/\/www.pcprogetti.it\/it\/prodotto\/bv-pmc-250\/\" \/>\n<meta property=\"og:locale\" content=\"it_IT\" \/>\n<meta property=\"og:type\" content=\"article\" \/>\n<meta property=\"og:title\" content=\"BV-PMC\/250 - Think&#039; PC PROGETTI\" \/>\n<meta property=\"og:description\" content=\"Banco prova verticale con serraggio proporzionale; la forza di reazione viene controllata automaticamente in base alla pressione dell&#039;acqua all&#039;interno delle valvole e il carico risultante viene ridotto ai minimi termini.\" \/>\n<meta property=\"og:url\" content=\"https:\/\/www.pcprogetti.it\/it\/prodotto\/bv-pmc-250\/\" \/>\n<meta property=\"og:site_name\" content=\"Think&#039; PC PROGETTI\" \/>\n<meta property=\"article:modified_time\" content=\"2024-04-23T11:28:46+00:00\" \/>\n<meta property=\"og:image\" content=\"https:\/\/www.pcprogetti.it\/wp-content\/uploads\/BV-PMC-250.jpg\" \/>\n\t<meta property=\"og:image:width\" content=\"651\" \/>\n\t<meta property=\"og:image:height\" content=\"570\" \/>\n\t<meta property=\"og:image:type\" content=\"image\/jpeg\" \/>\n<meta name=\"twitter:card\" content=\"summary_large_image\" \/>\n<meta name=\"twitter:label1\" content=\"Tempo di lettura stimato\" \/>\n\t<meta name=\"twitter:data1\" content=\"1 minuto\" \/>\n<script type=\"application\/ld+json\" class=\"yoast-schema-graph\">{\"@context\":\"https:\/\/schema.org\",\"@graph\":[{\"@type\":[\"WebPage\",\"ItemPage\"],\"@id\":\"https:\/\/www.pcprogetti.it\/it\/prodotto\/bv-pmc-250\/\",\"url\":\"https:\/\/www.pcprogetti.it\/it\/prodotto\/bv-pmc-250\/\",\"name\":\"BV-PMC\/250 - Think&#039; PC PROGETTI\",\"isPartOf\":{\"@id\":\"https:\/\/www.pcprogetti.it\/it\/#website\"},\"primaryImageOfPage\":{\"@id\":\"https:\/\/www.pcprogetti.it\/it\/prodotto\/bv-pmc-250\/#primaryimage\"},\"image\":{\"@id\":\"https:\/\/www.pcprogetti.it\/it\/prodotto\/bv-pmc-250\/#primaryimage\"},\"thumbnailUrl\":\"https:\/\/www.pcprogetti.it\/wp-content\/uploads\/BV-PMC-250.jpg\",\"datePublished\":\"2024-04-23T08:09:32+00:00\",\"dateModified\":\"2024-04-23T11:28:46+00:00\",\"description\":\"Banco prova verticale con serraggio proporzionale; la forza di reazione viene controllata automaticamente in base alla pressione dell'acqua all'interno delle valvole e il carico risultante viene ridotto ai minimi termini.\",\"breadcrumb\":{\"@id\":\"https:\/\/www.pcprogetti.it\/it\/prodotto\/bv-pmc-250\/#breadcrumb\"},\"inLanguage\":\"it-IT\",\"potentialAction\":[{\"@type\":\"ReadAction\",\"target\":[\"https:\/\/www.pcprogetti.it\/it\/prodotto\/bv-pmc-250\/\"]}]},{\"@type\":\"ImageObject\",\"inLanguage\":\"it-IT\",\"@id\":\"https:\/\/www.pcprogetti.it\/it\/prodotto\/bv-pmc-250\/#primaryimage\",\"url\":\"https:\/\/www.pcprogetti.it\/wp-content\/uploads\/BV-PMC-250.jpg\",\"contentUrl\":\"https:\/\/www.pcprogetti.it\/wp-content\/uploads\/BV-PMC-250.jpg\",\"width\":651,\"height\":570},{\"@type\":\"BreadcrumbList\",\"@id\":\"https:\/\/www.pcprogetti.it\/it\/prodotto\/bv-pmc-250\/#breadcrumb\",\"itemListElement\":[{\"@type\":\"ListItem\",\"position\":1,\"name\":\"Home\",\"item\":\"https:\/\/www.pcprogetti.it\/it\/\"},{\"@type\":\"ListItem\",\"position\":2,\"name\":\"Shop\",\"item\":\"https:\/\/www.pcprogetti.it\/?page_id=4313\"},{\"@type\":\"ListItem\",\"position\":3,\"name\":\"BV-PMC\/250\"}]},{\"@type\":\"WebSite\",\"@id\":\"https:\/\/www.pcprogetti.it\/it\/#website\",\"url\":\"https:\/\/www.pcprogetti.it\/it\/\",\"name\":\"Think&#039; PC PROGETTI\",\"description\":\"Banchi di prova per valvole e attuatori\",\"publisher\":{\"@id\":\"https:\/\/www.pcprogetti.it\/it\/#organization\"},\"potentialAction\":[{\"@type\":\"SearchAction\",\"target\":{\"@type\":\"EntryPoint\",\"urlTemplate\":\"https:\/\/www.pcprogetti.it\/it\/?s={search_term_string}\"},\"query-input\":{\"@type\":\"PropertyValueSpecification\",\"valueRequired\":true,\"valueName\":\"search_term_string\"}}],\"inLanguage\":\"it-IT\"},{\"@type\":\"Organization\",\"@id\":\"https:\/\/www.pcprogetti.it\/it\/#organization\",\"name\":\"think' PC PROGETTI S.r.l. a socio unico\",\"url\":\"https:\/\/www.pcprogetti.it\/it\/\",\"logo\":{\"@type\":\"ImageObject\",\"inLanguage\":\"it-IT\",\"@id\":\"https:\/\/www.pcprogetti.it\/it\/#\/schema\/logo\/image\/\",\"url\":\"https:\/\/www.pcprogetti.it\/wp-content\/uploads\/think-pc-progetti_logo.png\",\"contentUrl\":\"https:\/\/www.pcprogetti.it\/wp-content\/uploads\/think-pc-progetti_logo.png\",\"width\":1718,\"height\":132,\"caption\":\"think' PC PROGETTI S.r.l. a socio unico\"},\"image\":{\"@id\":\"https:\/\/www.pcprogetti.it\/it\/#\/schema\/logo\/image\/\"}}]}<\/script>\n<!-- \/ Yoast SEO plugin. -->","yoast_head_json":{"title":"BV-PMC\/250 - Think&#039; PC PROGETTI","description":"Banco prova verticale con serraggio proporzionale; la forza di reazione viene controllata automaticamente in base alla pressione dell'acqua all'interno delle valvole e il carico risultante viene ridotto ai minimi termini.","robots":{"index":"index","follow":"follow","max-snippet":"max-snippet:-1","max-image-preview":"max-image-preview:large","max-video-preview":"max-video-preview:-1"},"canonical":"https:\/\/www.pcprogetti.it\/it\/prodotto\/bv-pmc-250\/","og_locale":"it_IT","og_type":"article","og_title":"BV-PMC\/250 - Think&#039; PC PROGETTI","og_description":"Banco prova verticale con serraggio proporzionale; la forza di reazione viene controllata automaticamente in base alla pressione dell'acqua all'interno delle valvole e il carico risultante viene ridotto ai minimi termini.","og_url":"https:\/\/www.pcprogetti.it\/it\/prodotto\/bv-pmc-250\/","og_site_name":"Think&#039; PC PROGETTI","article_modified_time":"2024-04-23T11:28:46+00:00","og_image":[{"width":651,"height":570,"url":"https:\/\/www.pcprogetti.it\/wp-content\/uploads\/BV-PMC-250.jpg","type":"image\/jpeg"}],"twitter_card":"summary_large_image","twitter_misc":{"Tempo di lettura stimato":"1 minuto"},"schema":{"@context":"https:\/\/schema.org","@graph":[{"@type":["WebPage","ItemPage"],"@id":"https:\/\/www.pcprogetti.it\/it\/prodotto\/bv-pmc-250\/","url":"https:\/\/www.pcprogetti.it\/it\/prodotto\/bv-pmc-250\/","name":"BV-PMC\/250 - Think&#039; PC PROGETTI","isPartOf":{"@id":"https:\/\/www.pcprogetti.it\/it\/#website"},"primaryImageOfPage":{"@id":"https:\/\/www.pcprogetti.it\/it\/prodotto\/bv-pmc-250\/#primaryimage"},"image":{"@id":"https:\/\/www.pcprogetti.it\/it\/prodotto\/bv-pmc-250\/#primaryimage"},"thumbnailUrl":"https:\/\/www.pcprogetti.it\/wp-content\/uploads\/BV-PMC-250.jpg","datePublished":"2024-04-23T08:09:32+00:00","dateModified":"2024-04-23T11:28:46+00:00","description":"Banco prova verticale con serraggio proporzionale; la forza di reazione viene controllata automaticamente in base alla pressione dell'acqua all'interno delle valvole e il carico risultante viene ridotto ai minimi termini.","breadcrumb":{"@id":"https:\/\/www.pcprogetti.it\/it\/prodotto\/bv-pmc-250\/#breadcrumb"},"inLanguage":"it-IT","potentialAction":[{"@type":"ReadAction","target":["https:\/\/www.pcprogetti.it\/it\/prodotto\/bv-pmc-250\/"]}]},{"@type":"ImageObject","inLanguage":"it-IT","@id":"https:\/\/www.pcprogetti.it\/it\/prodotto\/bv-pmc-250\/#primaryimage","url":"https:\/\/www.pcprogetti.it\/wp-content\/uploads\/BV-PMC-250.jpg","contentUrl":"https:\/\/www.pcprogetti.it\/wp-content\/uploads\/BV-PMC-250.jpg","width":651,"height":570},{"@type":"BreadcrumbList","@id":"https:\/\/www.pcprogetti.it\/it\/prodotto\/bv-pmc-250\/#breadcrumb","itemListElement":[{"@type":"ListItem","position":1,"name":"Home","item":"https:\/\/www.pcprogetti.it\/it\/"},{"@type":"ListItem","position":2,"name":"Shop","item":"https:\/\/www.pcprogetti.it\/?page_id=4313"},{"@type":"ListItem","position":3,"name":"BV-PMC\/250"}]},{"@type":"WebSite","@id":"https:\/\/www.pcprogetti.it\/it\/#website","url":"https:\/\/www.pcprogetti.it\/it\/","name":"Think&#039; PC PROGETTI","description":"Banchi di prova per valvole e attuatori","publisher":{"@id":"https:\/\/www.pcprogetti.it\/it\/#organization"},"potentialAction":[{"@type":"SearchAction","target":{"@type":"EntryPoint","urlTemplate":"https:\/\/www.pcprogetti.it\/it\/?s={search_term_string}"},"query-input":{"@type":"PropertyValueSpecification","valueRequired":true,"valueName":"search_term_string"}}],"inLanguage":"it-IT"},{"@type":"Organization","@id":"https:\/\/www.pcprogetti.it\/it\/#organization","name":"think' PC PROGETTI S.r.l. a socio unico","url":"https:\/\/www.pcprogetti.it\/it\/","logo":{"@type":"ImageObject","inLanguage":"it-IT","@id":"https:\/\/www.pcprogetti.it\/it\/#\/schema\/logo\/image\/","url":"https:\/\/www.pcprogetti.it\/wp-content\/uploads\/think-pc-progetti_logo.png","contentUrl":"https:\/\/www.pcprogetti.it\/wp-content\/uploads\/think-pc-progetti_logo.png","width":1718,"height":132,"caption":"think' PC PROGETTI S.r.l. a socio unico"},"image":{"@id":"https:\/\/www.pcprogetti.it\/it\/#\/schema\/logo\/image\/"}}]}},"_links":{"self":[{"href":"https:\/\/www.pcprogetti.it\/it\/wp-json\/wp\/v3\/product\/8529","targetHints":{"allow":["GET"]}}],"collection":[{"href":"https:\/\/www.pcprogetti.it\/it\/wp-json\/wp\/v3\/product"}],"about":[{"href":"https:\/\/www.pcprogetti.it\/it\/wp-json\/wp\/v2\/types\/product"}],"replies":[{"embeddable":true,"href":"https:\/\/www.pcprogetti.it\/it\/wp-json\/wp\/v2\/comments?post=8529"}],"wp:featuredmedia":[{"embeddable":true,"href":"https:\/\/www.pcprogetti.it\/it\/wp-json\/wp\/v2\/media\/8531"}],"wp:attachment":[{"href":"https:\/\/www.pcprogetti.it\/it\/wp-json\/wp\/v2\/media?parent=8529"}],"wp:term":[{"taxonomy":"product_cat","embeddable":true,"href":"https:\/\/www.pcprogetti.it\/it\/wp-json\/wp\/v2\/product_cat?post=8529"},{"taxonomy":"product_tag","embeddable":true,"href":"https:\/\/www.pcprogetti.it\/it\/wp-json\/wp\/v2\/product_tag?post=8529"}],"curies":[{"name":"wp","href":"https:\/\/api.w.org\/{rel}","templated":true}]}}