{"id":8564,"date":"2024-04-24T13:27:23","date_gmt":"2024-04-24T11:27:23","guid":{"rendered":"https:\/\/www.pcprogetti.it\/?post_type=product&#038;p=8564"},"modified":"2024-04-24T14:44:28","modified_gmt":"2024-04-24T12:44:28","slug":"bv-v-100sh","status":"publish","type":"product","link":"https:\/\/www.pcprogetti.it\/it\/prodotto\/bv-v-100sh\/","title":{"rendered":"BV-V\/100SH"},"content":{"rendered":"<h3>TENUTA RADIALE INTERNA (BORE PLUGS)<\/h3>\n<p id=\"tw-target-text\" class=\"tw-data-text tw-text-large tw-ta\" dir=\"ltr\" style=\"text-align: justify;\" data-placeholder=\"Traduzione\" aria-label=\"Testo tradotto\" data-ved=\"2ahUKEwi91Ozwx9qFAxWrh_0HHZxEBqkQ3ewLegQIBRAU\"><span class=\"Y2IQFc\" lang=\"it\" tabindex=\"-1\">Banco prova verticale con serraggio combinato: tenuta radiale interna. Il plateau superiore \u00e8 movimentato da una colonna filettata che garantisce la completa assenza di forze esterne sul corpo delle valvole. Questa prerogativa lo rende conforme ai pi\u00f9 diffusi standard di prova internazionali. Nel basamento c&#8217;\u00e8 un serbatoio per l&#8217;acqua e come optional \u00e8 possibile aggiungerne uno esterno. Il banco prova \u00e8 controllato da uno skid di pressurizzazione SKA-100; per avere maggiori informazioni a riguardo consultare le schede tecniche dedicate. Il banco pu\u00f2 essere completato con diverse opzioni ed accessori, contattate il nostro ufficio commerciale per avere maggiori informazioni.<\/span><\/p>\n<p><span style=\"font-size: 18px;\">*Viene descritta la versione standard. I banchi prova possono essere personalizzati in qualsiasi aspetto tecnico secondo le preferenze del cliente.(In attesa di brevetto)<\/span><\/p>\n","protected":false},"excerpt":{"rendered":"<p><span class=\"Y2IQFc\" lang=\"it\" tabindex=\"-1\">Banco prova verticale con serraggio combinato: tenuta radiale interna. Il plateau superiore \u00e8 movimentato da una colonna filettata che garantisce la completa assenza di forze esterne sul corpo delle valvole.<\/span><\/p>\n","protected":false},"featured_media":8567,"comment_status":"closed","ping_status":"closed","template":"","meta":{"_et_pb_use_builder":"","_et_pb_old_content":"","_et_gb_content_width":""},"product_cat":[41],"product_tag":[],"class_list":["post-8564","product","type-product","status-publish","has-post-thumbnail","hentry","product_cat-verticali"],"yoast_head":"<!-- This site is optimized with the Yoast SEO plugin v27.4 - https:\/\/yoast.com\/product\/yoast-seo-wordpress\/ -->\n<title>BV-V\/100SH - Think&#039; PC PROGETTI<\/title>\n<meta name=\"description\" content=\"Banco prova verticale con serraggio combinato: tenuta radiale interna.\" \/>\n<meta name=\"robots\" content=\"index, follow, max-snippet:-1, max-image-preview:large, max-video-preview:-1\" \/>\n<link rel=\"canonical\" href=\"https:\/\/www.pcprogetti.it\/it\/prodotto\/bv-v-100sh\/\" \/>\n<meta property=\"og:locale\" content=\"it_IT\" \/>\n<meta property=\"og:type\" content=\"article\" \/>\n<meta property=\"og:title\" content=\"BV-V\/100SH - Think&#039; PC PROGETTI\" \/>\n<meta property=\"og:description\" content=\"Banco prova verticale con serraggio combinato: tenuta radiale interna.\" \/>\n<meta property=\"og:url\" content=\"https:\/\/www.pcprogetti.it\/it\/prodotto\/bv-v-100sh\/\" \/>\n<meta property=\"og:site_name\" content=\"Think&#039; PC PROGETTI\" \/>\n<meta property=\"article:modified_time\" content=\"2024-04-24T12:44:28+00:00\" \/>\n<meta property=\"og:image\" content=\"https:\/\/www.pcprogetti.it\/wp-content\/uploads\/bv-v-100sh.jpg\" \/>\n\t<meta property=\"og:image:width\" content=\"730\" \/>\n\t<meta property=\"og:image:height\" content=\"767\" \/>\n\t<meta property=\"og:image:type\" content=\"image\/jpeg\" \/>\n<meta name=\"twitter:card\" content=\"summary_large_image\" \/>\n<meta name=\"twitter:label1\" content=\"Tempo di lettura stimato\" \/>\n\t<meta name=\"twitter:data1\" content=\"1 minuto\" \/>\n<script type=\"application\/ld+json\" class=\"yoast-schema-graph\">{\"@context\":\"https:\\\/\\\/schema.org\",\"@graph\":[{\"@type\":[\"WebPage\",\"ItemPage\"],\"@id\":\"https:\\\/\\\/www.pcprogetti.it\\\/it\\\/prodotto\\\/bv-v-100sh\\\/\",\"url\":\"https:\\\/\\\/www.pcprogetti.it\\\/it\\\/prodotto\\\/bv-v-100sh\\\/\",\"name\":\"BV-V\\\/100SH - Think&#039; PC PROGETTI\",\"isPartOf\":{\"@id\":\"https:\\\/\\\/www.pcprogetti.it\\\/it\\\/#website\"},\"primaryImageOfPage\":{\"@id\":\"https:\\\/\\\/www.pcprogetti.it\\\/it\\\/prodotto\\\/bv-v-100sh\\\/#primaryimage\"},\"image\":{\"@id\":\"https:\\\/\\\/www.pcprogetti.it\\\/it\\\/prodotto\\\/bv-v-100sh\\\/#primaryimage\"},\"thumbnailUrl\":\"https:\\\/\\\/www.pcprogetti.it\\\/wp-content\\\/uploads\\\/bv-v-100sh.jpg\",\"datePublished\":\"2024-04-24T11:27:23+00:00\",\"dateModified\":\"2024-04-24T12:44:28+00:00\",\"description\":\"Banco prova verticale con serraggio combinato: tenuta radiale interna.\",\"breadcrumb\":{\"@id\":\"https:\\\/\\\/www.pcprogetti.it\\\/it\\\/prodotto\\\/bv-v-100sh\\\/#breadcrumb\"},\"inLanguage\":\"it-IT\",\"potentialAction\":[{\"@type\":\"ReadAction\",\"target\":[\"https:\\\/\\\/www.pcprogetti.it\\\/it\\\/prodotto\\\/bv-v-100sh\\\/\"]}]},{\"@type\":\"ImageObject\",\"inLanguage\":\"it-IT\",\"@id\":\"https:\\\/\\\/www.pcprogetti.it\\\/it\\\/prodotto\\\/bv-v-100sh\\\/#primaryimage\",\"url\":\"https:\\\/\\\/www.pcprogetti.it\\\/wp-content\\\/uploads\\\/bv-v-100sh.jpg\",\"contentUrl\":\"https:\\\/\\\/www.pcprogetti.it\\\/wp-content\\\/uploads\\\/bv-v-100sh.jpg\",\"width\":730,\"height\":767},{\"@type\":\"BreadcrumbList\",\"@id\":\"https:\\\/\\\/www.pcprogetti.it\\\/it\\\/prodotto\\\/bv-v-100sh\\\/#breadcrumb\",\"itemListElement\":[{\"@type\":\"ListItem\",\"position\":1,\"name\":\"Home\",\"item\":\"https:\\\/\\\/www.pcprogetti.it\\\/it\\\/\"},{\"@type\":\"ListItem\",\"position\":2,\"name\":\"Shop\",\"item\":\"https:\\\/\\\/www.pcprogetti.it\\\/?page_id=4313\"},{\"@type\":\"ListItem\",\"position\":3,\"name\":\"BV-V\\\/100SH\"}]},{\"@type\":\"WebSite\",\"@id\":\"https:\\\/\\\/www.pcprogetti.it\\\/it\\\/#website\",\"url\":\"https:\\\/\\\/www.pcprogetti.it\\\/it\\\/\",\"name\":\"Think&#039; PC PROGETTI\",\"description\":\"Banchi di prova per valvole e attuatori\",\"publisher\":{\"@id\":\"https:\\\/\\\/www.pcprogetti.it\\\/it\\\/#organization\"},\"potentialAction\":[{\"@type\":\"SearchAction\",\"target\":{\"@type\":\"EntryPoint\",\"urlTemplate\":\"https:\\\/\\\/www.pcprogetti.it\\\/it\\\/?s={search_term_string}\"},\"query-input\":{\"@type\":\"PropertyValueSpecification\",\"valueRequired\":true,\"valueName\":\"search_term_string\"}}],\"inLanguage\":\"it-IT\"},{\"@type\":\"Organization\",\"@id\":\"https:\\\/\\\/www.pcprogetti.it\\\/it\\\/#organization\",\"name\":\"think' PC PROGETTI S.r.l. a socio unico\",\"url\":\"https:\\\/\\\/www.pcprogetti.it\\\/it\\\/\",\"logo\":{\"@type\":\"ImageObject\",\"inLanguage\":\"it-IT\",\"@id\":\"https:\\\/\\\/www.pcprogetti.it\\\/it\\\/#\\\/schema\\\/logo\\\/image\\\/\",\"url\":\"https:\\\/\\\/www.pcprogetti.it\\\/wp-content\\\/uploads\\\/think-pc-progetti_logo.png\",\"contentUrl\":\"https:\\\/\\\/www.pcprogetti.it\\\/wp-content\\\/uploads\\\/think-pc-progetti_logo.png\",\"width\":1718,\"height\":132,\"caption\":\"think' PC PROGETTI S.r.l. a socio unico\"},\"image\":{\"@id\":\"https:\\\/\\\/www.pcprogetti.it\\\/it\\\/#\\\/schema\\\/logo\\\/image\\\/\"}}]}<\/script>\n<!-- \/ Yoast SEO plugin. -->","yoast_head_json":{"title":"BV-V\/100SH - Think&#039; PC PROGETTI","description":"Banco prova verticale con serraggio combinato: tenuta radiale interna.","robots":{"index":"index","follow":"follow","max-snippet":"max-snippet:-1","max-image-preview":"max-image-preview:large","max-video-preview":"max-video-preview:-1"},"canonical":"https:\/\/www.pcprogetti.it\/it\/prodotto\/bv-v-100sh\/","og_locale":"it_IT","og_type":"article","og_title":"BV-V\/100SH - Think&#039; PC PROGETTI","og_description":"Banco prova verticale con serraggio combinato: tenuta radiale interna.","og_url":"https:\/\/www.pcprogetti.it\/it\/prodotto\/bv-v-100sh\/","og_site_name":"Think&#039; PC PROGETTI","article_modified_time":"2024-04-24T12:44:28+00:00","og_image":[{"width":730,"height":767,"url":"https:\/\/www.pcprogetti.it\/wp-content\/uploads\/bv-v-100sh.jpg","type":"image\/jpeg"}],"twitter_card":"summary_large_image","twitter_misc":{"Tempo di lettura stimato":"1 minuto"},"schema":{"@context":"https:\/\/schema.org","@graph":[{"@type":["WebPage","ItemPage"],"@id":"https:\/\/www.pcprogetti.it\/it\/prodotto\/bv-v-100sh\/","url":"https:\/\/www.pcprogetti.it\/it\/prodotto\/bv-v-100sh\/","name":"BV-V\/100SH - Think&#039; PC PROGETTI","isPartOf":{"@id":"https:\/\/www.pcprogetti.it\/it\/#website"},"primaryImageOfPage":{"@id":"https:\/\/www.pcprogetti.it\/it\/prodotto\/bv-v-100sh\/#primaryimage"},"image":{"@id":"https:\/\/www.pcprogetti.it\/it\/prodotto\/bv-v-100sh\/#primaryimage"},"thumbnailUrl":"https:\/\/www.pcprogetti.it\/wp-content\/uploads\/bv-v-100sh.jpg","datePublished":"2024-04-24T11:27:23+00:00","dateModified":"2024-04-24T12:44:28+00:00","description":"Banco prova verticale con serraggio combinato: tenuta radiale interna.","breadcrumb":{"@id":"https:\/\/www.pcprogetti.it\/it\/prodotto\/bv-v-100sh\/#breadcrumb"},"inLanguage":"it-IT","potentialAction":[{"@type":"ReadAction","target":["https:\/\/www.pcprogetti.it\/it\/prodotto\/bv-v-100sh\/"]}]},{"@type":"ImageObject","inLanguage":"it-IT","@id":"https:\/\/www.pcprogetti.it\/it\/prodotto\/bv-v-100sh\/#primaryimage","url":"https:\/\/www.pcprogetti.it\/wp-content\/uploads\/bv-v-100sh.jpg","contentUrl":"https:\/\/www.pcprogetti.it\/wp-content\/uploads\/bv-v-100sh.jpg","width":730,"height":767},{"@type":"BreadcrumbList","@id":"https:\/\/www.pcprogetti.it\/it\/prodotto\/bv-v-100sh\/#breadcrumb","itemListElement":[{"@type":"ListItem","position":1,"name":"Home","item":"https:\/\/www.pcprogetti.it\/it\/"},{"@type":"ListItem","position":2,"name":"Shop","item":"https:\/\/www.pcprogetti.it\/?page_id=4313"},{"@type":"ListItem","position":3,"name":"BV-V\/100SH"}]},{"@type":"WebSite","@id":"https:\/\/www.pcprogetti.it\/it\/#website","url":"https:\/\/www.pcprogetti.it\/it\/","name":"Think&#039; PC PROGETTI","description":"Banchi di prova per valvole e attuatori","publisher":{"@id":"https:\/\/www.pcprogetti.it\/it\/#organization"},"potentialAction":[{"@type":"SearchAction","target":{"@type":"EntryPoint","urlTemplate":"https:\/\/www.pcprogetti.it\/it\/?s={search_term_string}"},"query-input":{"@type":"PropertyValueSpecification","valueRequired":true,"valueName":"search_term_string"}}],"inLanguage":"it-IT"},{"@type":"Organization","@id":"https:\/\/www.pcprogetti.it\/it\/#organization","name":"think' PC PROGETTI S.r.l. a socio unico","url":"https:\/\/www.pcprogetti.it\/it\/","logo":{"@type":"ImageObject","inLanguage":"it-IT","@id":"https:\/\/www.pcprogetti.it\/it\/#\/schema\/logo\/image\/","url":"https:\/\/www.pcprogetti.it\/wp-content\/uploads\/think-pc-progetti_logo.png","contentUrl":"https:\/\/www.pcprogetti.it\/wp-content\/uploads\/think-pc-progetti_logo.png","width":1718,"height":132,"caption":"think' PC PROGETTI S.r.l. a socio unico"},"image":{"@id":"https:\/\/www.pcprogetti.it\/it\/#\/schema\/logo\/image\/"}}]}},"_links":{"self":[{"href":"https:\/\/www.pcprogetti.it\/it\/wp-json\/wp\/v3\/product\/8564","targetHints":{"allow":["GET"]}}],"collection":[{"href":"https:\/\/www.pcprogetti.it\/it\/wp-json\/wp\/v3\/product"}],"about":[{"href":"https:\/\/www.pcprogetti.it\/it\/wp-json\/wp\/v2\/types\/product"}],"replies":[{"embeddable":true,"href":"https:\/\/www.pcprogetti.it\/it\/wp-json\/wp\/v2\/comments?post=8564"}],"wp:featuredmedia":[{"embeddable":true,"href":"https:\/\/www.pcprogetti.it\/it\/wp-json\/wp\/v2\/media\/8567"}],"wp:attachment":[{"href":"https:\/\/www.pcprogetti.it\/it\/wp-json\/wp\/v2\/media?parent=8564"}],"wp:term":[{"taxonomy":"product_cat","embeddable":true,"href":"https:\/\/www.pcprogetti.it\/it\/wp-json\/wp\/v2\/product_cat?post=8564"},{"taxonomy":"product_tag","embeddable":true,"href":"https:\/\/www.pcprogetti.it\/it\/wp-json\/wp\/v2\/product_tag?post=8564"}],"curies":[{"name":"wp","href":"https:\/\/api.w.org\/{rel}","templated":true}]}}