{"id":8921,"date":"2024-11-13T14:01:07","date_gmt":"2024-11-13T13:01:07","guid":{"rendered":"https:\/\/www.pcprogetti.it\/?post_type=product&#038;p=8921"},"modified":"2024-11-13T16:53:30","modified_gmt":"2024-11-13T15:53:30","slug":"bv-m-40-lab","status":"publish","type":"product","link":"https:\/\/www.pcprogetti.it\/it\/prodotto\/bv-m-40-lab\/","title":{"rendered":"BV-M\/40-LAB"},"content":{"rendered":"<h3>Banco prova per officina mobile containerizzata per calibrazione di valvole PSV<\/h3>\n<p>Il sistema presenta un design compatto e tutto-in-uno che ottimizza lo spazio interno di un container, facilitando le attivit\u00e0 di manutenzione aggiuntive e offrendo ampio spazio per gli operatori per accedere e lavorare con facilit\u00e0 all&#8217;interno del container. \u00c8 progettato per testare valvole fino a 8 pollici di diametro e con una pressione di esercizio fino a #300, con una pressione massima di lavoro di 1050 bar per test sia GAS che IDROSTATICI. Per migliorare la sicurezza degli operatori durante i test ad alta pressione, il banco prova \u00e8 dotato di uno scudo antiproiettile che rispetta gli standard europei, garantendo il massimo livello di protezione per il personale. Il laboratorio \u00e8 equipaggiato con un avanzato sistema di controllo che include un&#8217;interfaccia intuitiva che supporta le procedure standard API per la verifica delle PSV, facilitando la raccolta dei dati. Supporta anche la memorizzazione di video di prova ed immagini di riferimento sotto il codice o numero di serie (SN) della valvola. \u00c8 possibile generare, stampare od esportare un rapporto di prova completo utilizzando il nostro software di certificazione **TestREC\u00ae**, che funziona su un robusto tablet PC in ambiente Windows\u00ae. Questo sistema pu\u00f2 essere completamente integrato con un database LAN o CLOUD. I sensori ad alta precisione forniscono rapporti di calibrazione della valvola molto precisi, e l&#8217;intero setup di test pu\u00f2 essere personalizzato con diverse opzioni di processo per soddisfare le esigenze specifiche del team di manutenzione. <span style=\"font-size: 14px;\">Il banco prova pu\u00f2 essere fornito con un set completo di accessori di serraggio, inclusi gli strumenti per il test delle valvole diritte (valvole di arresto e di controllo) e per il collaudo bidirezionale della pressione tramite il serraggio della valvola<\/span><\/p>\n<p><span style=\"font-size: 18px;\">*Viene descritta la versione standard. I banchi prova possono essere personalizzati in qualsiasi aspetto tecnico secondo le preferenze del cliente.(In attesa di brevetto)<\/span><\/p>\n","protected":false},"excerpt":{"rendered":"<h3>Banco prova per officina mobile containerizzata per calibrazione di valvole PSV<\/h3>\n","protected":false},"featured_media":8933,"comment_status":"closed","ping_status":"closed","template":"","meta":{"_et_pb_use_builder":"","_et_pb_old_content":"","_et_gb_content_width":""},"product_cat":[49],"product_tag":[],"class_list":["post-8921","product","type-product","status-publish","has-post-thumbnail","hentry","product_cat-valvole-di-sicurezza-psv-prv-pvsv"],"yoast_head":"<!-- This site is optimized with the Yoast SEO plugin v25.2 - https:\/\/yoast.com\/wordpress\/plugins\/seo\/ -->\n<title>BV-M\/40-LAB - Think&#039; PC PROGETTI<\/title>\n<meta name=\"description\" content=\"Banco prova per officina mobile containerizzata per calibrazione di valvole PSV\" \/>\n<meta name=\"robots\" content=\"index, follow, max-snippet:-1, max-image-preview:large, max-video-preview:-1\" \/>\n<link rel=\"canonical\" href=\"https:\/\/www.pcprogetti.it\/it\/prodotto\/bv-m-40-lab\/\" \/>\n<meta property=\"og:locale\" content=\"it_IT\" \/>\n<meta property=\"og:type\" content=\"article\" \/>\n<meta property=\"og:title\" content=\"BV-M\/40-LAB - Think&#039; PC PROGETTI\" \/>\n<meta property=\"og:description\" content=\"Banco prova per officina mobile containerizzata per calibrazione di valvole PSV\" \/>\n<meta property=\"og:url\" content=\"https:\/\/www.pcprogetti.it\/it\/prodotto\/bv-m-40-lab\/\" \/>\n<meta property=\"og:site_name\" content=\"Think&#039; PC PROGETTI\" \/>\n<meta property=\"article:modified_time\" content=\"2024-11-13T15:53:30+00:00\" \/>\n<meta property=\"og:image\" content=\"https:\/\/www.pcprogetti.it\/wp-content\/uploads\/image00023es-2.jpg\" \/>\n\t<meta property=\"og:image:width\" content=\"1920\" \/>\n\t<meta property=\"og:image:height\" content=\"1252\" \/>\n\t<meta property=\"og:image:type\" content=\"image\/jpeg\" \/>\n<meta name=\"twitter:card\" content=\"summary_large_image\" \/>\n<meta name=\"twitter:label1\" content=\"Tempo di lettura stimato\" \/>\n\t<meta name=\"twitter:data1\" content=\"2 minuti\" \/>\n<script type=\"application\/ld+json\" class=\"yoast-schema-graph\">{\"@context\":\"https:\/\/schema.org\",\"@graph\":[{\"@type\":[\"WebPage\",\"ItemPage\"],\"@id\":\"https:\/\/www.pcprogetti.it\/it\/prodotto\/bv-m-40-lab\/\",\"url\":\"https:\/\/www.pcprogetti.it\/it\/prodotto\/bv-m-40-lab\/\",\"name\":\"BV-M\/40-LAB - Think&#039; PC PROGETTI\",\"isPartOf\":{\"@id\":\"https:\/\/www.pcprogetti.it\/it\/#website\"},\"primaryImageOfPage\":{\"@id\":\"https:\/\/www.pcprogetti.it\/it\/prodotto\/bv-m-40-lab\/#primaryimage\"},\"image\":{\"@id\":\"https:\/\/www.pcprogetti.it\/it\/prodotto\/bv-m-40-lab\/#primaryimage\"},\"thumbnailUrl\":\"https:\/\/www.pcprogetti.it\/wp-content\/uploads\/image00023es-2.jpg\",\"datePublished\":\"2024-11-13T13:01:07+00:00\",\"dateModified\":\"2024-11-13T15:53:30+00:00\",\"description\":\"Banco prova per officina mobile containerizzata per calibrazione di valvole PSV\",\"breadcrumb\":{\"@id\":\"https:\/\/www.pcprogetti.it\/it\/prodotto\/bv-m-40-lab\/#breadcrumb\"},\"inLanguage\":\"it-IT\",\"potentialAction\":[{\"@type\":\"ReadAction\",\"target\":[\"https:\/\/www.pcprogetti.it\/it\/prodotto\/bv-m-40-lab\/\"]}]},{\"@type\":\"ImageObject\",\"inLanguage\":\"it-IT\",\"@id\":\"https:\/\/www.pcprogetti.it\/it\/prodotto\/bv-m-40-lab\/#primaryimage\",\"url\":\"https:\/\/www.pcprogetti.it\/wp-content\/uploads\/image00023es-2.jpg\",\"contentUrl\":\"https:\/\/www.pcprogetti.it\/wp-content\/uploads\/image00023es-2.jpg\",\"width\":1920,\"height\":1252},{\"@type\":\"BreadcrumbList\",\"@id\":\"https:\/\/www.pcprogetti.it\/it\/prodotto\/bv-m-40-lab\/#breadcrumb\",\"itemListElement\":[{\"@type\":\"ListItem\",\"position\":1,\"name\":\"Home\",\"item\":\"https:\/\/www.pcprogetti.it\/it\/\"},{\"@type\":\"ListItem\",\"position\":2,\"name\":\"Shop\",\"item\":\"https:\/\/www.pcprogetti.it\/?page_id=4313\"},{\"@type\":\"ListItem\",\"position\":3,\"name\":\"BV-M\/40-LAB\"}]},{\"@type\":\"WebSite\",\"@id\":\"https:\/\/www.pcprogetti.it\/it\/#website\",\"url\":\"https:\/\/www.pcprogetti.it\/it\/\",\"name\":\"Think&#039; PC PROGETTI\",\"description\":\"Banchi di prova per valvole e attuatori\",\"publisher\":{\"@id\":\"https:\/\/www.pcprogetti.it\/it\/#organization\"},\"potentialAction\":[{\"@type\":\"SearchAction\",\"target\":{\"@type\":\"EntryPoint\",\"urlTemplate\":\"https:\/\/www.pcprogetti.it\/it\/?s={search_term_string}\"},\"query-input\":{\"@type\":\"PropertyValueSpecification\",\"valueRequired\":true,\"valueName\":\"search_term_string\"}}],\"inLanguage\":\"it-IT\"},{\"@type\":\"Organization\",\"@id\":\"https:\/\/www.pcprogetti.it\/it\/#organization\",\"name\":\"think' PC PROGETTI S.r.l. a socio unico\",\"url\":\"https:\/\/www.pcprogetti.it\/it\/\",\"logo\":{\"@type\":\"ImageObject\",\"inLanguage\":\"it-IT\",\"@id\":\"https:\/\/www.pcprogetti.it\/it\/#\/schema\/logo\/image\/\",\"url\":\"https:\/\/www.pcprogetti.it\/wp-content\/uploads\/think-pc-progetti_logo.png\",\"contentUrl\":\"https:\/\/www.pcprogetti.it\/wp-content\/uploads\/think-pc-progetti_logo.png\",\"width\":1718,\"height\":132,\"caption\":\"think' PC PROGETTI S.r.l. a socio unico\"},\"image\":{\"@id\":\"https:\/\/www.pcprogetti.it\/it\/#\/schema\/logo\/image\/\"}}]}<\/script>\n<!-- \/ Yoast SEO plugin. -->","yoast_head_json":{"title":"BV-M\/40-LAB - Think&#039; PC PROGETTI","description":"Banco prova per officina mobile containerizzata per calibrazione di valvole PSV","robots":{"index":"index","follow":"follow","max-snippet":"max-snippet:-1","max-image-preview":"max-image-preview:large","max-video-preview":"max-video-preview:-1"},"canonical":"https:\/\/www.pcprogetti.it\/it\/prodotto\/bv-m-40-lab\/","og_locale":"it_IT","og_type":"article","og_title":"BV-M\/40-LAB - Think&#039; PC PROGETTI","og_description":"Banco prova per officina mobile containerizzata per calibrazione di valvole PSV","og_url":"https:\/\/www.pcprogetti.it\/it\/prodotto\/bv-m-40-lab\/","og_site_name":"Think&#039; PC PROGETTI","article_modified_time":"2024-11-13T15:53:30+00:00","og_image":[{"width":1920,"height":1252,"url":"https:\/\/www.pcprogetti.it\/wp-content\/uploads\/image00023es-2.jpg","type":"image\/jpeg"}],"twitter_card":"summary_large_image","twitter_misc":{"Tempo di lettura stimato":"2 minuti"},"schema":{"@context":"https:\/\/schema.org","@graph":[{"@type":["WebPage","ItemPage"],"@id":"https:\/\/www.pcprogetti.it\/it\/prodotto\/bv-m-40-lab\/","url":"https:\/\/www.pcprogetti.it\/it\/prodotto\/bv-m-40-lab\/","name":"BV-M\/40-LAB - Think&#039; PC PROGETTI","isPartOf":{"@id":"https:\/\/www.pcprogetti.it\/it\/#website"},"primaryImageOfPage":{"@id":"https:\/\/www.pcprogetti.it\/it\/prodotto\/bv-m-40-lab\/#primaryimage"},"image":{"@id":"https:\/\/www.pcprogetti.it\/it\/prodotto\/bv-m-40-lab\/#primaryimage"},"thumbnailUrl":"https:\/\/www.pcprogetti.it\/wp-content\/uploads\/image00023es-2.jpg","datePublished":"2024-11-13T13:01:07+00:00","dateModified":"2024-11-13T15:53:30+00:00","description":"Banco prova per officina mobile containerizzata per calibrazione di valvole PSV","breadcrumb":{"@id":"https:\/\/www.pcprogetti.it\/it\/prodotto\/bv-m-40-lab\/#breadcrumb"},"inLanguage":"it-IT","potentialAction":[{"@type":"ReadAction","target":["https:\/\/www.pcprogetti.it\/it\/prodotto\/bv-m-40-lab\/"]}]},{"@type":"ImageObject","inLanguage":"it-IT","@id":"https:\/\/www.pcprogetti.it\/it\/prodotto\/bv-m-40-lab\/#primaryimage","url":"https:\/\/www.pcprogetti.it\/wp-content\/uploads\/image00023es-2.jpg","contentUrl":"https:\/\/www.pcprogetti.it\/wp-content\/uploads\/image00023es-2.jpg","width":1920,"height":1252},{"@type":"BreadcrumbList","@id":"https:\/\/www.pcprogetti.it\/it\/prodotto\/bv-m-40-lab\/#breadcrumb","itemListElement":[{"@type":"ListItem","position":1,"name":"Home","item":"https:\/\/www.pcprogetti.it\/it\/"},{"@type":"ListItem","position":2,"name":"Shop","item":"https:\/\/www.pcprogetti.it\/?page_id=4313"},{"@type":"ListItem","position":3,"name":"BV-M\/40-LAB"}]},{"@type":"WebSite","@id":"https:\/\/www.pcprogetti.it\/it\/#website","url":"https:\/\/www.pcprogetti.it\/it\/","name":"Think&#039; PC PROGETTI","description":"Banchi di prova per valvole e attuatori","publisher":{"@id":"https:\/\/www.pcprogetti.it\/it\/#organization"},"potentialAction":[{"@type":"SearchAction","target":{"@type":"EntryPoint","urlTemplate":"https:\/\/www.pcprogetti.it\/it\/?s={search_term_string}"},"query-input":{"@type":"PropertyValueSpecification","valueRequired":true,"valueName":"search_term_string"}}],"inLanguage":"it-IT"},{"@type":"Organization","@id":"https:\/\/www.pcprogetti.it\/it\/#organization","name":"think' PC PROGETTI S.r.l. a socio unico","url":"https:\/\/www.pcprogetti.it\/it\/","logo":{"@type":"ImageObject","inLanguage":"it-IT","@id":"https:\/\/www.pcprogetti.it\/it\/#\/schema\/logo\/image\/","url":"https:\/\/www.pcprogetti.it\/wp-content\/uploads\/think-pc-progetti_logo.png","contentUrl":"https:\/\/www.pcprogetti.it\/wp-content\/uploads\/think-pc-progetti_logo.png","width":1718,"height":132,"caption":"think' PC PROGETTI S.r.l. a socio unico"},"image":{"@id":"https:\/\/www.pcprogetti.it\/it\/#\/schema\/logo\/image\/"}}]}},"_links":{"self":[{"href":"https:\/\/www.pcprogetti.it\/it\/wp-json\/wp\/v3\/product\/8921","targetHints":{"allow":["GET"]}}],"collection":[{"href":"https:\/\/www.pcprogetti.it\/it\/wp-json\/wp\/v3\/product"}],"about":[{"href":"https:\/\/www.pcprogetti.it\/it\/wp-json\/wp\/v2\/types\/product"}],"replies":[{"embeddable":true,"href":"https:\/\/www.pcprogetti.it\/it\/wp-json\/wp\/v2\/comments?post=8921"}],"wp:featuredmedia":[{"embeddable":true,"href":"https:\/\/www.pcprogetti.it\/it\/wp-json\/wp\/v2\/media\/8933"}],"wp:attachment":[{"href":"https:\/\/www.pcprogetti.it\/it\/wp-json\/wp\/v2\/media?parent=8921"}],"wp:term":[{"taxonomy":"product_cat","embeddable":true,"href":"https:\/\/www.pcprogetti.it\/it\/wp-json\/wp\/v2\/product_cat?post=8921"},{"taxonomy":"product_tag","embeddable":true,"href":"https:\/\/www.pcprogetti.it\/it\/wp-json\/wp\/v2\/product_tag?post=8921"}],"curies":[{"name":"wp","href":"https:\/\/api.w.org\/{rel}","templated":true}]}}